{"id":7299,"date":"2018-05-31T07:21:41","date_gmt":"2018-05-31T07:21:41","guid":{"rendered":"https:\/\/elgideas.zoner.dev\/tietosuojaseloste\/"},"modified":"2025-07-23T20:19:11","modified_gmt":"2025-07-23T20:19:11","slug":"tietosuojaseloste","status":"publish","type":"page","link":"https:\/\/elgideas.zoner.dev\/fi\/tietosuojaseloste\/","title":{"rendered":"Tietosuojaseloste"},"content":{"rendered":"\t\t<div data-elementor-type=\"wp-page\" data-elementor-id=\"7299\" class=\"elementor elementor-7299 elementor-4807\">\n\t\t\t\t\t\t<section class=\"wavo-column-gap-default elementor-section elementor-top-section elementor-element elementor-element-70278158 elementor-section-stretched elementor-section-boxed elementor-section-height-default elementor-section-height-default\" data-id=\"70278158\" data-element_type=\"section\" data-e-type=\"section\" data-settings=\"{&quot;stretch_section&quot;:&quot;section-stretched&quot;}\">\n\t\t\t\t\t\t<div class=\"elementor-container elementor-column-gap-default\">\n\t\t\t\t\t<div class=\"elementor-column elementor-col-100 elementor-top-column elementor-element elementor-element-366449c7\" data-id=\"366449c7\" data-element_type=\"column\" data-e-type=\"column\">\n\t\t\t<div class=\"elementor-widget-wrap elementor-element-populated\">\n\t\t\t\t\t\t<div class=\"elementor-element elementor-element-6dc95965 elementor-widget elementor-widget-text-editor\" data-id=\"6dc95965\" data-element_type=\"widget\" data-e-type=\"widget\" data-widget_type=\"text-editor.default\">\n\t\t\t\t<div class=\"elementor-widget-container\">\n\t\t\t\t\t\t\t\t\t<h2>TIETOSUOJASELOSTE<\/h2><p>Asiakkaidemme tietosuoja on meille t\u00e4rke\u00e4\u00e4 ja haluamme toimia tietosuojaan liittyviss\u00e4 asioissa<span class=\"Apple-converted-space\">\u00a0<\/span>mahdollisimman l\u00e4pin\u00e4kyv\u00e4sti. Verkkosivustomme osoite on: elgideas.fi<\/p><p>K\u00e4yt\u00e4mme teknisi\u00e4 tietoturvakeinoja tietojen suojaamiseksi. T\u00e4llaisia keinoja ovat esimerkiksi k\u00e4ytt\u00f6-oikeuksien hallinta ja valvonta sek\u00e4 erilaiset palveluja suojaavat tietoturvasovellukset.\u00a0 Yhteys www.elgideas.fi ja asiakkaan tietokoneen v\u00e4lill\u00e4 suojataan k\u00e4ytt\u00e4m\u00e4ll\u00e4 SSL\/TLS-suojausta. SSL\/TLS-turvak\u00e4yt\u00e4nt\u00f6 suojaa tietoliikenteen siten, ettei ulkopuolinen tarkkailija pysty yhteytt\u00e4 seuraamalla n\u00e4kem\u00e4\u00e4n tai muuttamaan luottamuksellisia tietoja. Verkkoasiointi www.elgideas.fi-verkkosivulla on turvallista. Se edellytt\u00e4\u00e4 kuitenkin my\u00f6s, ett\u00e4 oma tietokoneesi on riitt\u00e4v\u00e4n suojattu.<br \/><br \/><\/p><h3>Ket\u00e4 henkil\u00f6tietoja k\u00e4sittelee\u00a0ja kuinka kauan tietoja s\u00e4ilytet\u00e4\u00e4n<\/h3><p>Verkkosivun kautta henkil\u00f6n yhteydenottopyynt\u00f6 tapahtuu suoran linkin kautta sari.elg@elgideas.zoner.dev s\u00e4hk\u00f6postiin, joka on siis Sari Elgin hallinoima, salasanojen suojaama sek\u00e4 my\u00f6s suojattu yhteys s\u00e4hk\u00f6posti tarjoajan j\u00e4rjestem\u00e4n kautta. K\u00e4yt\u00e4mme antamaanne s\u00e4hk\u00f6postiosoitetta l\u00e4hett\u00e4\u00e4kseni teille informaatiota ja pyyt\u00e4mi\u00e4nne tietoja.<br \/><br \/><br \/>S\u00e4ilyt\u00e4mme henkil\u00f6kohtaisia tietoja yhteydenotosta vain tarvittavan ajan, jotta voimme vastata t\u00e4ss\u00e4 selosteessa kuvatuun k\u00e4ytt\u00f6tarkoitukseen. Lis\u00e4ksi joitain tietoja voidaan s\u00e4ilytt\u00e4\u00e4 kauemmin, niilt\u00e4 osin kun se on tarpeellista mahdollisen sopimuksen\/toimeksiannon t\u00e4ytt\u00e4miseksi. Voimme joutua luovuttaa joitakin v\u00e4ltt\u00e4m\u00e4tt\u00f6mi\u00e4 tietoja kolmansille osapuolille mik\u00e4li sopimus\/toimeksianto sit\u00e4 vaatii. Informoimme aina my\u00f6s asiakasta kyseisest\u00e4 asiasta.<br \/><br \/><\/p><h3>Muilta sivustoilta upotettu sis\u00e4lt\u00f6<\/h3><p>T\u00e4m\u00e4 sivusto saattaa sis\u00e4lt\u00e4\u00e4 upotettua sis\u00e4lt\u00f6\u00e4 (esimerkiksi videoita, ulkopuolisia linkkej\u00e4 jne). Toisilta sivustoilta tuodun upotetun sis\u00e4ll\u00f6n avaaminen on verrattavissa siihen, ett\u00e4 vierailija itse k\u00e4visi kolmannen osapuolen sivustolla. N\u00e4m\u00e4 sivustot voivat ker\u00e4t\u00e4 tietoa sinusta, k\u00e4ytt\u00e4\u00e4 ev\u00e4steit\u00e4, upottaa kolmannen osapuolen seurantaev\u00e4steit\u00e4 ja monitoroida vuorovaikutustasi upotetun sis\u00e4ll\u00f6n kanssa, jolloin en voi olla vastuussa n\u00e4iden sivujen mahdollisesta henkil\u00f6tietojen ja IP-osoiteiden ker\u00e4\u00e4misest\u00e4.<br \/><br \/><br \/><\/p><h3>Ev\u00e4steist\u00e4 ja Googlesta<\/h3><p>Elgideas.fi-verkkosivu k\u00e4ytt\u00e4\u00e4 ev\u00e4steit\u00e4 (cookies). Verkkosivuilla yleisesti k\u00e4ytetyt ev\u00e4steet ovat pieni\u00e4 tunnistetiedostoja, joilla pyrt\u00e4\u00e4n kehitt\u00e4m\u00e4\u00e4n palvelun laatua ja seuraamaan k\u00e4vij\u00e4liikennett\u00e4. Ev\u00e4steiden avulla ker\u00e4tt\u00e4v\u00e4 tieto on siis anonyymi\u00e4 ja my\u00f6s tiedon analysointi. Voitte kielt\u00e4yty\u00e4 ev\u00e4steiden k\u00e4yt\u00f6st\u00e4 est\u00e4m\u00e4ll\u00e4 niiden k\u00e4ytt\u00f6 selainasetuksissasi. Huomioi, ett\u00e4 osa sivujen ominaisuuksista ei v\u00e4ltt\u00e4m\u00e4tt\u00e4 toimi, jos ev\u00e4steet on estetty. Lis\u00e4tietoa ev\u00e4steist\u00e4 l\u00f6yd\u00e4t esimerkiksi Viestint\u00e4viraston sivuilta.<\/p><p>Elgideas.fi-verkkosivu hy\u00f6dynt\u00e4\u00e4 Google Analyticsia, joka on Google Inc:n analysointity\u00f6kalu. Sivustolla vierailustanne havainnoituja tietoja s\u00e4ilytet\u00e4\u00e4n Google Analytics -analytiikkapalvelun erillisess\u00e4 tietokannassa. Google Analytics k\u00e4ytt\u00e4\u00e4 siis tekstitiedoston muodossa olevia ev\u00e4steit\u00e4 parantaakseen verkkosivun k\u00e4yt\u00f6n analysointia. Google voi my\u00f6s v\u00e4litt\u00e4\u00e4 tietoja kolmansille osapuolille, jos lains\u00e4\u00e4d\u00e4nt\u00f6 edellytt\u00e4\u00e4 sit\u00e4 tai jos kolmas osapuoli k\u00e4sittelee tietoja Googlen puolesta. IP-osoitettasi ei yhdistet\u00e4 muihin tietoihin, joita Googlella voi olla sinusta.<br \/><br \/><br \/><\/p><h3>Toimet tietomurron tapahtuessa<\/h3><p>Jos ep\u00e4ilemme tietosuojamurtoa tai havaitsemme tietosuojan vaarantuneen, asia tutkitaan v\u00e4litt\u00f6m\u00e4sti. Lis\u00e4ksi asiasta ilmoitetaan viipym\u00e4tt\u00e4 rekister\u00f6idylle, jonka tietosuoja on vaarantunut. Teemme my\u00f6s ilmoituksen valvontaviranomaiselle henkil\u00f6tietojen tietoturvaloukkauksesta.<br \/><br \/><br \/><\/p><h3>Henkil\u00f6tietojen poistaminen<\/h3><p>Henkil\u00f6 voi pyyt\u00e4\u00e4 tietojensa poistamista j\u00e4rjestelmist\u00e4, jolloin poistamme tai anonymisoimme tiedot, mik\u00e4li se on edell\u00e4 mainittujen tarpeiden puitteissa mahdollista.<\/p><p>K\u00e4ytt\u00e4m\u00e4ll\u00e4 www.elgideas.fi-verkkosivua hyv\u00e4ksytte tietosuojak\u00e4yt\u00e4nn\u00f6n.<\/p><p><strong>Tarvittaessa lis\u00e4tietoja antaa<\/strong><\/p><p><strong>Sari Elg \/ Elgideas<\/strong><br \/><strong>050 5004245<\/strong><\/p>\t\t\t\t\t\t\t\t<\/div>\n\t\t\t\t<\/div>\n\t\t\t\t\t<\/div>\n\t\t<\/div>\n\t\t\t\t\t<\/div>\n\t\t<\/section>\n\t\t\t\t<\/div>\n\t\t","protected":false},"excerpt":{"rendered":"<p>TIETOSUOJASELOSTE Asiakkaidemme tietosuoja on meille t\u00e4rke\u00e4\u00e4 ja haluamme toimia tietosuojaan liittyviss\u00e4 asioissa\u00a0mahdollisimman l\u00e4pin\u00e4kyv\u00e4sti. Verkkosivustomme osoite on: elgideas.fi K\u00e4yt\u00e4mme teknisi\u00e4 tietoturvakeinoja tietojen suojaamiseksi. T\u00e4llaisia keinoja ovat esimerkiksi k\u00e4ytt\u00f6-oikeuksien hallinta ja valvonta sek\u00e4 erilaiset palveluja suojaavat tietoturvasovellukset.\u00a0 Yhteys www.elgideas.fi ja asiakkaan tietokoneen v\u00e4lill\u00e4 suojataan k\u00e4ytt\u00e4m\u00e4ll\u00e4 SSL\/TLS-suojausta. SSL\/TLS-turvak\u00e4yt\u00e4nt\u00f6 suojaa tietoliikenteen siten, ettei ulkopuolinen tarkkailija pysty yhteytt\u00e4 seuraamalla n\u00e4kem\u00e4\u00e4n&#8230;<\/p>\n","protected":false},"author":4,"featured_media":0,"parent":0,"menu_order":0,"comment_status":"closed","ping_status":"closed","template":"elementor_header_footer","meta":{"footnotes":""},"class_list":{"0":"post-7299","1":"page","2":"type-page","3":"status-publish","4":"hentry","5":"nt-post-class","6":"","7":"thumb-none","9":"excerpt-none"},"yoast_head":"<!-- This site is optimized with the Yoast SEO plugin v27.5 - https:\/\/yoast.com\/product\/yoast-seo-wordpress\/ -->\n<title>Markkinointiviestint\u00e4\u00e4 mm. verkkosivuja yrityksille<\/title>\n<meta name=\"description\" content=\"Asiakkaidemme tietosuoja on meille t\u00e4rke\u00e4\u00e4 ja haluamme toimia tietosuojaan liittyviss\u00e4 asioissa\u00a0mahdollisimman l\u00e4pin\u00e4kyv\u00e4sti. Verkkosivustomme osoite on: https:\/\/elgideas.zoner.dev. K\u00e4yt\u00e4mme teknisi\u00e4 tietoturvakeinoja tietojen suojaamiseksi. T\u00e4llaisia keinoja ovat esimerkiksi k\u00e4ytt\u00f6-oikeuksien hallinta ja valvonta sek\u00e4 erilaiset palveluja suojaavat tietoturvasovellukset.\u00a0 Yhteys www.elgideas.fi ja asiakkaan tietokoneen v\u00e4lill\u00e4 suojataan k\u00e4ytt\u00e4m\u00e4ll\u00e4 SSL\/TLS-suojausta.\" \/>\n<meta name=\"robots\" content=\"noindex, follow, max-snippet:-1, max-image-preview:large, max-video-preview:-1\" \/>\n<meta property=\"og:locale\" content=\"fi_FI\" \/>\n<meta property=\"og:type\" content=\"article\" \/>\n<meta property=\"og:title\" content=\"Markkinointiviestint\u00e4\u00e4 mm. verkkosivuja yrityksille\" \/>\n<meta property=\"og:description\" content=\"Asiakkaidemme tietosuoja on meille t\u00e4rke\u00e4\u00e4 ja haluamme toimia tietosuojaan liittyviss\u00e4 asioissa\u00a0mahdollisimman l\u00e4pin\u00e4kyv\u00e4sti. Verkkosivustomme osoite on: https:\/\/elgideas.zoner.dev. K\u00e4yt\u00e4mme teknisi\u00e4 tietoturvakeinoja tietojen suojaamiseksi. T\u00e4llaisia keinoja ovat esimerkiksi k\u00e4ytt\u00f6-oikeuksien hallinta ja valvonta sek\u00e4 erilaiset palveluja suojaavat tietoturvasovellukset.\u00a0 Yhteys www.elgideas.fi ja asiakkaan tietokoneen v\u00e4lill\u00e4 suojataan k\u00e4ytt\u00e4m\u00e4ll\u00e4 SSL\/TLS-suojausta.\" \/>\n<meta property=\"og:url\" content=\"https:\/\/elgideas.zoner.dev\/tietosuojaseloste\/\" \/>\n<meta property=\"og:site_name\" content=\"Tarvitsetko verkkosivut, hakukoneoptimoinnin ja Google Analyticsin?\" \/>\n<meta property=\"article:publisher\" content=\"https:\/\/www.facebook.com\/elgideas\/\" \/>\n<meta property=\"article:modified_time\" content=\"2025-07-23T20:19:11+00:00\" \/>\n<meta property=\"og:image\" content=\"https:\/\/elgideas.zoner.dev\/wp-content\/uploads\/Elgideas-markkinointiviestintaa.jpg\" \/>\n\t<meta property=\"og:image:width\" content=\"1200\" \/>\n\t<meta property=\"og:image:height\" content=\"675\" \/>\n\t<meta property=\"og:image:type\" content=\"image\/jpeg\" \/>\n<script type=\"application\/ld+json\" class=\"yoast-schema-graph\">{\"@context\":\"https:\\\/\\\/schema.org\",\"@graph\":[{\"@type\":\"WebPage\",\"@id\":\"https:\\\/\\\/elgideas.zoner.dev\\\/tietosuojaseloste\\\/\",\"url\":\"https:\\\/\\\/elgideas.zoner.dev\\\/tietosuojaseloste\\\/\",\"name\":\"Markkinointiviestint\u00e4\u00e4 mm. verkkosivuja yrityksille\",\"isPartOf\":{\"@id\":\"https:\\\/\\\/elgideas.zoner.dev\\\/#website\"},\"datePublished\":\"2018-05-31T07:21:41+00:00\",\"dateModified\":\"2025-07-23T20:19:11+00:00\",\"description\":\"Asiakkaidemme tietosuoja on meille t\u00e4rke\u00e4\u00e4 ja haluamme toimia tietosuojaan liittyviss\u00e4 asioissa\u00a0mahdollisimman l\u00e4pin\u00e4kyv\u00e4sti. Verkkosivustomme osoite on: https:\\\/\\\/elgideas.zoner.dev. K\u00e4yt\u00e4mme teknisi\u00e4 tietoturvakeinoja tietojen suojaamiseksi. T\u00e4llaisia keinoja ovat esimerkiksi k\u00e4ytt\u00f6-oikeuksien hallinta ja valvonta sek\u00e4 erilaiset palveluja suojaavat tietoturvasovellukset.\u00a0 Yhteys www.elgideas.fi ja asiakkaan tietokoneen v\u00e4lill\u00e4 suojataan k\u00e4ytt\u00e4m\u00e4ll\u00e4 SSL\\\/TLS-suojausta.\",\"breadcrumb\":{\"@id\":\"https:\\\/\\\/elgideas.zoner.dev\\\/tietosuojaseloste\\\/#breadcrumb\"},\"inLanguage\":\"fi\",\"potentialAction\":[{\"@type\":\"ReadAction\",\"target\":[\"https:\\\/\\\/elgideas.zoner.dev\\\/tietosuojaseloste\\\/\"]}]},{\"@type\":\"BreadcrumbList\",\"@id\":\"https:\\\/\\\/elgideas.zoner.dev\\\/tietosuojaseloste\\\/#breadcrumb\",\"itemListElement\":[{\"@type\":\"ListItem\",\"position\":1,\"name\":\"Home\",\"item\":\"https:\\\/\\\/elgideas.zoner.dev\\\/\"},{\"@type\":\"ListItem\",\"position\":2,\"name\":\"Tietosuojaseloste\"}]},{\"@type\":\"WebSite\",\"@id\":\"https:\\\/\\\/elgideas.zoner.dev\\\/#website\",\"url\":\"https:\\\/\\\/elgideas.zoner.dev\\\/\",\"name\":\"Elgideas | Digitaalista markkinointia ja graafista suunnittelua\",\"description\":\"Verkkosivujen hakukoneoptimointi SEO ja graafista suunnittelua\",\"publisher\":{\"@id\":\"https:\\\/\\\/elgideas.zoner.dev\\\/#organization\"},\"alternateName\":\"Elgideas\",\"potentialAction\":[{\"@type\":\"SearchAction\",\"target\":{\"@type\":\"EntryPoint\",\"urlTemplate\":\"https:\\\/\\\/elgideas.zoner.dev\\\/?s={search_term_string}\"},\"query-input\":{\"@type\":\"PropertyValueSpecification\",\"valueRequired\":true,\"valueName\":\"search_term_string\"}}],\"inLanguage\":\"fi\"},{\"@type\":\"Organization\",\"@id\":\"https:\\\/\\\/elgideas.zoner.dev\\\/#organization\",\"name\":\"Tarvitsetko verkkosivut, hakukoneoptimoinnin SEO ja Google Analyticsin?\",\"alternateName\":\"Verkkosivut, hakukoneoptimointi SEO ja Google Analytics\",\"url\":\"https:\\\/\\\/elgideas.zoner.dev\\\/\",\"logo\":{\"@type\":\"ImageObject\",\"inLanguage\":\"fi\",\"@id\":\"https:\\\/\\\/elgideas.zoner.dev\\\/#\\\/schema\\\/logo\\\/image\\\/\",\"url\":\"https:\\\/\\\/elgideas.zoner.dev\\\/wp-content\\\/uploads\\\/cropped-logo_512-1.png\",\"contentUrl\":\"https:\\\/\\\/elgideas.zoner.dev\\\/wp-content\\\/uploads\\\/cropped-logo_512-1.png\",\"width\":512,\"height\":512,\"caption\":\"Tarvitsetko verkkosivut, hakukoneoptimoinnin SEO ja Google Analyticsin?\"},\"image\":{\"@id\":\"https:\\\/\\\/elgideas.zoner.dev\\\/#\\\/schema\\\/logo\\\/image\\\/\"},\"sameAs\":[\"https:\\\/\\\/www.facebook.com\\\/elgideas\\\/\",\"https:\\\/\\\/www.linkedin.com\\\/in\\\/sari-elg-08706355\\\/\"]}]}<\/script>\n<!-- \/ Yoast SEO plugin. -->","yoast_head_json":{"title":"Markkinointiviestint\u00e4\u00e4 mm. verkkosivuja yrityksille","description":"Asiakkaidemme tietosuoja on meille t\u00e4rke\u00e4\u00e4 ja haluamme toimia tietosuojaan liittyviss\u00e4 asioissa\u00a0mahdollisimman l\u00e4pin\u00e4kyv\u00e4sti. Verkkosivustomme osoite on: https:\/\/elgideas.zoner.dev. K\u00e4yt\u00e4mme teknisi\u00e4 tietoturvakeinoja tietojen suojaamiseksi. T\u00e4llaisia keinoja ovat esimerkiksi k\u00e4ytt\u00f6-oikeuksien hallinta ja valvonta sek\u00e4 erilaiset palveluja suojaavat tietoturvasovellukset.\u00a0 Yhteys www.elgideas.fi ja asiakkaan tietokoneen v\u00e4lill\u00e4 suojataan k\u00e4ytt\u00e4m\u00e4ll\u00e4 SSL\/TLS-suojausta.","robots":{"index":"noindex","follow":"follow","max-snippet":"max-snippet:-1","max-image-preview":"max-image-preview:large","max-video-preview":"max-video-preview:-1"},"og_locale":"fi_FI","og_type":"article","og_title":"Markkinointiviestint\u00e4\u00e4 mm. verkkosivuja yrityksille","og_description":"Asiakkaidemme tietosuoja on meille t\u00e4rke\u00e4\u00e4 ja haluamme toimia tietosuojaan liittyviss\u00e4 asioissa\u00a0mahdollisimman l\u00e4pin\u00e4kyv\u00e4sti. Verkkosivustomme osoite on: https:\/\/elgideas.zoner.dev. K\u00e4yt\u00e4mme teknisi\u00e4 tietoturvakeinoja tietojen suojaamiseksi. T\u00e4llaisia keinoja ovat esimerkiksi k\u00e4ytt\u00f6-oikeuksien hallinta ja valvonta sek\u00e4 erilaiset palveluja suojaavat tietoturvasovellukset.\u00a0 Yhteys www.elgideas.fi ja asiakkaan tietokoneen v\u00e4lill\u00e4 suojataan k\u00e4ytt\u00e4m\u00e4ll\u00e4 SSL\/TLS-suojausta.","og_url":"https:\/\/elgideas.zoner.dev\/tietosuojaseloste\/","og_site_name":"Tarvitsetko verkkosivut, hakukoneoptimoinnin ja Google Analyticsin?","article_publisher":"https:\/\/www.facebook.com\/elgideas\/","article_modified_time":"2025-07-23T20:19:11+00:00","og_image":[{"width":1200,"height":675,"url":"https:\/\/elgideas.zoner.dev\/wp-content\/uploads\/Elgideas-markkinointiviestintaa.jpg","type":"image\/jpeg"}],"schema":{"@context":"https:\/\/schema.org","@graph":[{"@type":"WebPage","@id":"https:\/\/elgideas.zoner.dev\/tietosuojaseloste\/","url":"https:\/\/elgideas.zoner.dev\/tietosuojaseloste\/","name":"Markkinointiviestint\u00e4\u00e4 mm. verkkosivuja yrityksille","isPartOf":{"@id":"https:\/\/elgideas.zoner.dev\/#website"},"datePublished":"2018-05-31T07:21:41+00:00","dateModified":"2025-07-23T20:19:11+00:00","description":"Asiakkaidemme tietosuoja on meille t\u00e4rke\u00e4\u00e4 ja haluamme toimia tietosuojaan liittyviss\u00e4 asioissa\u00a0mahdollisimman l\u00e4pin\u00e4kyv\u00e4sti. Verkkosivustomme osoite on: https:\/\/elgideas.zoner.dev. K\u00e4yt\u00e4mme teknisi\u00e4 tietoturvakeinoja tietojen suojaamiseksi. T\u00e4llaisia keinoja ovat esimerkiksi k\u00e4ytt\u00f6-oikeuksien hallinta ja valvonta sek\u00e4 erilaiset palveluja suojaavat tietoturvasovellukset.\u00a0 Yhteys www.elgideas.fi ja asiakkaan tietokoneen v\u00e4lill\u00e4 suojataan k\u00e4ytt\u00e4m\u00e4ll\u00e4 SSL\/TLS-suojausta.","breadcrumb":{"@id":"https:\/\/elgideas.zoner.dev\/tietosuojaseloste\/#breadcrumb"},"inLanguage":"fi","potentialAction":[{"@type":"ReadAction","target":["https:\/\/elgideas.zoner.dev\/tietosuojaseloste\/"]}]},{"@type":"BreadcrumbList","@id":"https:\/\/elgideas.zoner.dev\/tietosuojaseloste\/#breadcrumb","itemListElement":[{"@type":"ListItem","position":1,"name":"Home","item":"https:\/\/elgideas.zoner.dev\/"},{"@type":"ListItem","position":2,"name":"Tietosuojaseloste"}]},{"@type":"WebSite","@id":"https:\/\/elgideas.zoner.dev\/#website","url":"https:\/\/elgideas.zoner.dev\/","name":"Elgideas | Digitaalista markkinointia ja graafista suunnittelua","description":"Verkkosivujen hakukoneoptimointi SEO ja graafista suunnittelua","publisher":{"@id":"https:\/\/elgideas.zoner.dev\/#organization"},"alternateName":"Elgideas","potentialAction":[{"@type":"SearchAction","target":{"@type":"EntryPoint","urlTemplate":"https:\/\/elgideas.zoner.dev\/?s={search_term_string}"},"query-input":{"@type":"PropertyValueSpecification","valueRequired":true,"valueName":"search_term_string"}}],"inLanguage":"fi"},{"@type":"Organization","@id":"https:\/\/elgideas.zoner.dev\/#organization","name":"Tarvitsetko verkkosivut, hakukoneoptimoinnin SEO ja Google Analyticsin?","alternateName":"Verkkosivut, hakukoneoptimointi SEO ja Google Analytics","url":"https:\/\/elgideas.zoner.dev\/","logo":{"@type":"ImageObject","inLanguage":"fi","@id":"https:\/\/elgideas.zoner.dev\/#\/schema\/logo\/image\/","url":"https:\/\/elgideas.zoner.dev\/wp-content\/uploads\/cropped-logo_512-1.png","contentUrl":"https:\/\/elgideas.zoner.dev\/wp-content\/uploads\/cropped-logo_512-1.png","width":512,"height":512,"caption":"Tarvitsetko verkkosivut, hakukoneoptimoinnin SEO ja Google Analyticsin?"},"image":{"@id":"https:\/\/elgideas.zoner.dev\/#\/schema\/logo\/image\/"},"sameAs":["https:\/\/www.facebook.com\/elgideas\/","https:\/\/www.linkedin.com\/in\/sari-elg-08706355\/"]}]}},"_links":{"self":[{"href":"https:\/\/elgideas.zoner.dev\/fi\/wp-json\/wp\/v2\/pages\/7299","targetHints":{"allow":["GET"]}}],"collection":[{"href":"https:\/\/elgideas.zoner.dev\/fi\/wp-json\/wp\/v2\/pages"}],"about":[{"href":"https:\/\/elgideas.zoner.dev\/fi\/wp-json\/wp\/v2\/types\/page"}],"author":[{"embeddable":true,"href":"https:\/\/elgideas.zoner.dev\/fi\/wp-json\/wp\/v2\/users\/4"}],"replies":[{"embeddable":true,"href":"https:\/\/elgideas.zoner.dev\/fi\/wp-json\/wp\/v2\/comments?post=7299"}],"version-history":[{"count":31,"href":"https:\/\/elgideas.zoner.dev\/fi\/wp-json\/wp\/v2\/pages\/7299\/revisions"}],"predecessor-version":[{"id":9560,"href":"https:\/\/elgideas.zoner.dev\/fi\/wp-json\/wp\/v2\/pages\/7299\/revisions\/9560"}],"wp:attachment":[{"href":"https:\/\/elgideas.zoner.dev\/fi\/wp-json\/wp\/v2\/media?parent=7299"}],"curies":[{"name":"wp","href":"https:\/\/api.w.org\/{rel}","templated":true}]}}