{"id":7301,"date":"2014-09-09T08:03:22","date_gmt":"2014-09-09T08:03:22","guid":{"rendered":"https:\/\/elgideas.zoner.dev\/soita-ja-ota-yhteytta\/"},"modified":"2026-02-10T00:54:38","modified_gmt":"2026-02-10T00:54:38","slug":"soita-ja-ota-yhteytta","status":"publish","type":"page","link":"https:\/\/elgideas.zoner.dev\/fi\/soita-ja-ota-yhteytta\/","title":{"rendered":"Yhteydenotto"},"content":{"rendered":"\t\t<div data-elementor-type=\"wp-page\" data-elementor-id=\"7301\" class=\"elementor elementor-7301 elementor-2114\">\n\t\t\t\t\t\t<section class=\"wavo-column-gap-no elementor-section elementor-top-section elementor-element elementor-element-dc6437 elementor-section-content-middle elementor-reverse-mobile elementor-reverse-tablet elementor-section-stretched elementor-section-boxed elementor-section-height-default elementor-section-height-default\" data-id=\"dc6437\" data-element_type=\"section\" data-e-type=\"section\" data-settings=\"{&quot;stretch_section&quot;:&quot;section-stretched&quot;}\">\n\t\t\t\t\t\t<div class=\"elementor-container elementor-column-gap-no\">\n\t\t\t\t\t<div class=\"elementor-column elementor-col-100 elementor-top-column elementor-element elementor-element-6f125472\" data-id=\"6f125472\" data-element_type=\"column\" data-e-type=\"column\">\n\t\t\t<div class=\"elementor-widget-wrap elementor-element-populated\">\n\t\t\t\t\t\t<div class=\"elementor-element elementor-element-101d5eb5 wavo-transform transform-type-translate elementor-widget elementor-widget-heading\" data-id=\"101d5eb5\" data-element_type=\"widget\" data-e-type=\"widget\" data-widget_type=\"heading.default\">\n\t\t\t\t<div class=\"elementor-widget-container\">\n\t\t\t\t\t<h2 class=\"elementor-heading-title elementor-size-default\">Hei! Olen Sari ja haluan auttaa yrityksesi markkinoinnissa - tehd\u00e4 yrityksest\u00e4si n\u00e4kyv\u00e4mp\u00e4\u00e4 ja uskottavampaa<\/h2>\t\t\t\t<\/div>\n\t\t\t\t<\/div>\n\t\t\t\t\t<\/div>\n\t\t<\/div>\n\t\t\t\t\t<\/div>\n\t\t<\/section>\n\t\t\t\t<section class=\"wavo-column-gap-narrow elementor-section elementor-top-section elementor-element elementor-element-0a1ef07 elementor-section-content-middle elementor-section-boxed elementor-section-height-default elementor-section-height-default\" data-id=\"0a1ef07\" data-element_type=\"section\" data-e-type=\"section\">\n\t\t\t\t\t\t<div class=\"elementor-container elementor-column-gap-narrow\">\n\t\t\t\t\t<div class=\"elementor-column elementor-col-50 elementor-top-column elementor-element elementor-element-c1b4438\" data-id=\"c1b4438\" data-element_type=\"column\" data-e-type=\"column\">\n\t\t\t<div class=\"elementor-widget-wrap elementor-element-populated\">\n\t\t\t\t\t\t<div class=\"elementor-element elementor-element-035116c elementor-widget elementor-widget-image\" data-id=\"035116c\" data-element_type=\"widget\" data-e-type=\"widget\" data-widget_type=\"image.default\">\n\t\t\t\t<div class=\"elementor-widget-container\">\n\t\t\t\t\t\t\t\t\t\t\t\t\t\t\t<img decoding=\"async\" width=\"185\" height=\"185\" src=\"https:\/\/elgideas.zoner.dev\/wp-content\/uploads\/sari-elg.png\" class=\"attachment-full size-full wp-image-7857\" alt=\"sari-elg\" srcset=\"https:\/\/elgideas.zoner.dev\/wp-content\/uploads\/sari-elg.png 185w, https:\/\/elgideas.zoner.dev\/wp-content\/uploads\/sari-elg-120x120.png 120w\" sizes=\"(max-width: 185px) 100vw, 185px\" \/>\t\t\t\t\t\t\t\t\t\t\t\t\t\t\t<\/div>\n\t\t\t\t<\/div>\n\t\t\t\t\t<\/div>\n\t\t<\/div>\n\t\t\t\t<div class=\"elementor-column elementor-col-50 elementor-top-column elementor-element elementor-element-8219d75\" data-id=\"8219d75\" data-element_type=\"column\" data-e-type=\"column\">\n\t\t\t<div class=\"elementor-widget-wrap elementor-element-populated\">\n\t\t\t\t\t\t<div class=\"elementor-element elementor-element-206271c elementor-widget__width-initial elementor-widget elementor-widget-text-editor\" data-id=\"206271c\" data-element_type=\"widget\" data-e-type=\"widget\" data-widget_type=\"text-editor.default\">\n\t\t\t\t<div class=\"elementor-widget-container\">\n\t\t\t\t\t\t\t\t\t<p style=\"text-align: left;\"><span style=\"color: #333333;\">Yli 25 vuoden kokemuksella markkinointiviestinn\u00e4st\u00e4 tied\u00e4n, mit\u00e4 tarvitaan menestykseen. Mutta kaikkein t\u00e4rkeint\u00e4 on <strong>yhteisty\u00f6 ja jaettu intohimo<\/strong>. Haluan ty\u00f6skennell\u00e4 kanssasi, saattaa ideasi lentoon ja saavuttaa yhdess\u00e4 halutut tavoitteet. Sinun uteliaisuutesi, halusi kehitty\u00e4 sek\u00e4 aika ja raha ovat ne avaimet, joilla k\u00e4ynnist\u00e4mme muutoksen.<\/span><\/p>\t\t\t\t\t\t\t\t<\/div>\n\t\t\t\t<\/div>\n\t\t\t\t<div class=\"elementor-element elementor-element-40984c8 elementor-widget__width-initial elementor-widget elementor-widget-text-editor\" data-id=\"40984c8\" data-element_type=\"widget\" data-e-type=\"widget\" data-widget_type=\"text-editor.default\">\n\t\t\t\t<div class=\"elementor-widget-container\">\n\t\t\t\t\t\t\t\t\t<p><span style=\"color: #000000;\"><strong>Mit\u00e4 se k\u00e4yt\u00e4nn\u00f6ss\u00e4 tarkoittaa?<\/strong> Kuuntelen tarkkaan toiveesi ja luomme yhdess\u00e4 esimerkiksi verkkosivut, jotka todella heijastavat yrityksesi parhaita puolia \u2013 <strong>helposti ja uskottavasti<\/strong>. Asennan Google Analyticsin seuraamaan sivuston toimintaa, jotta voimme tehd\u00e4 datal\u00e4ht\u00f6isi\u00e4 p\u00e4\u00e4t\u00f6ksi\u00e4 ja varmistaa, ett\u00e4 markkinointisi tukee liiketoimintaasi parhaalla mahdollisella tavalla.<\/span><\/p>\t\t\t\t\t\t\t\t<\/div>\n\t\t\t\t<\/div>\n\t\t\t\t<div class=\"elementor-element elementor-element-db78db8 elementor-widget__width-initial elementor-widget elementor-widget-text-editor\" data-id=\"db78db8\" data-element_type=\"widget\" data-e-type=\"widget\" data-widget_type=\"text-editor.default\">\n\t\t\t\t<div class=\"elementor-widget-container\">\n\t\t\t\t\t\t\t\t\t<p><span style=\"color: #000000;\"><strong>Mit\u00e4 sin\u00e4 etsit? Kaipaatko konkreettisia neuvoja tai t\u00e4ysin uutta suuntaa?<\/strong><\/span><\/p><p><span style=\"color: #000000;\">Olen t\u00e4\u00e4ll\u00e4 sinua varten \u2013 kuuntelemassa ja auttamassa.<\/span><br \/><span style=\"color: #000000;\"><strong>\u00c4l\u00e4 ep\u00e4r\u00f6i, ota yhteytt\u00e4 heti! <\/strong><\/span><br \/><span style=\"color: #000000;\">T\u00e4yt\u00e4 alla oleva lomake tai soita minulle \u2013 <strong>min\u00e4 kuuntelen!<\/strong><\/span><\/p>\t\t\t\t\t\t\t\t<\/div>\n\t\t\t\t<\/div>\n\t\t\t\t<div class=\"elementor-element elementor-element-fbf3f7b elementor-widget elementor-widget-spacer\" data-id=\"fbf3f7b\" data-element_type=\"widget\" data-e-type=\"widget\" data-widget_type=\"spacer.default\">\n\t\t\t\t<div class=\"elementor-widget-container\">\n\t\t\t\t\t\t\t<div class=\"elementor-spacer\">\n\t\t\t<div class=\"elementor-spacer-inner\"><\/div>\n\t\t<\/div>\n\t\t\t\t\t\t<\/div>\n\t\t\t\t<\/div>\n\t\t\t\t<div class=\"elementor-element elementor-element-023bdc7 wavo-transform transform-type-translate elementor-widget elementor-widget-heading\" data-id=\"023bdc7\" data-element_type=\"widget\" data-e-type=\"widget\" data-widget_type=\"heading.default\">\n\t\t\t\t<div class=\"elementor-widget-container\">\n\t\t\t\t\t<h2 class=\"elementor-heading-title elementor-size-default\">Ota yhteytt\u00e4 ja soita<\/h2>\t\t\t\t<\/div>\n\t\t\t\t<\/div>\n\t\t\t\t<div class=\"elementor-element elementor-element-6e6aa11 wavo-transform transform-type-translate elementor-widget elementor-widget-heading\" data-id=\"6e6aa11\" data-element_type=\"widget\" data-e-type=\"widget\" data-widget_type=\"heading.default\">\n\t\t\t\t<div class=\"elementor-widget-container\">\n\t\t\t\t\t<h4 class=\"elementor-heading-title elementor-size-default\">050 5004245 Sarille <br>\ntai l\u00e4het\u00e4 viesti<\/h4>\t\t\t\t<\/div>\n\t\t\t\t<\/div>\n\t\t\t\t<div class=\"elementor-element elementor-element-a3c3c8f elementor-widget elementor-widget-text-editor\" data-id=\"a3c3c8f\" data-element_type=\"widget\" data-e-type=\"widget\" data-widget_type=\"text-editor.default\">\n\t\t\t\t<div class=\"elementor-widget-container\">\n\t\t\t\t\t\t\t\t\t<p><a href=\"mailto:sari.elg@elgideas.zoner.dev\">sari.elg@elgideas.zoner.dev<\/a><\/p>\t\t\t\t\t\t\t\t<\/div>\n\t\t\t\t<\/div>\n\t\t\t\t<div class=\"elementor-element elementor-element-a604be0 elementor-widget elementor-widget-text-editor\" data-id=\"a604be0\" data-element_type=\"widget\" data-e-type=\"widget\" data-widget_type=\"text-editor.default\">\n\t\t\t\t<div class=\"elementor-widget-container\">\n\t\t\t\t\t\t\t\t\t<p><span style=\"color: #000000;\">Postiosoite ja k\u00e4yntiosoite:<\/span><\/p><p><span style=\"color: #000000;\">Elgideas \/ Sari Elg<\/span><br \/><span style=\"color: #000000;\">Harjutie 15C 18<\/span><br \/><span style=\"color: #000000;\">04400 J\u00e4rvenp\u00e4\u00e4<\/span><\/p><p><span style=\"color: #000000;\">Y-tunnus: 1376886-0<\/span><\/p>\t\t\t\t\t\t\t\t<\/div>\n\t\t\t\t<\/div>\n\t\t\t\t<div class=\"elementor-element elementor-element-12ca44fa e-grid-align-left e-grid-align-tablet-left e-grid-align-mobile-left elementor-widget-mobile__width-inherit elementor-shape-rounded elementor-grid-0 elementor-widget elementor-widget-social-icons\" data-id=\"12ca44fa\" data-element_type=\"widget\" data-e-type=\"widget\" data-widget_type=\"social-icons.default\">\n\t\t\t\t<div class=\"elementor-widget-container\">\n\t\t\t\t\t\t\t<div class=\"elementor-social-icons-wrapper elementor-grid\" role=\"list\">\n\t\t\t\t\t\t\t<span class=\"elementor-grid-item\" role=\"listitem\">\n\t\t\t\t\t<a class=\"elementor-icon elementor-social-icon elementor-social-icon-facebook-f elementor-repeater-item-3f1b7ac\" href=\"https:\/\/www.facebook.com\/elgideas\/\" target=\"_blank\">\n\t\t\t\t\t\t<span class=\"elementor-screen-only\">Facebook-f<\/span>\n\t\t\t\t\t\t<i aria-hidden=\"true\" class=\"fab fa-facebook-f\"><\/i>\t\t\t\t\t<\/a>\n\t\t\t\t<\/span>\n\t\t\t\t\t\t\t<span class=\"elementor-grid-item\" role=\"listitem\">\n\t\t\t\t\t<a class=\"elementor-icon elementor-social-icon elementor-social-icon-linkedin elementor-repeater-item-bf04b9d\" href=\"https:\/\/www.linkedin.com\/in\/sari-elg-08706355\/?otpToken=MTMwYzFhZTIxMzI2Y2ZjMmI3MjQwNGVjNGYxZGVmYjY4YWM5ZDE0NjkxYWQ4ODYxNzdjNjAyNmM0OTVjNTVmMWZmZGZhMTllNDFjNWJlZGIwNWE3NThjOGU4ZjQxM2I3NzFjMWRiODcwMDUwZWM5ZjIzNzksMSwx&#038;midSig=11THnoZ-0sMWU1&#038;eid=37ms2v-lm4s3ima-kn&#038;midToken=AQGzdxNzxKy0Ew&#038;trkEmail=eml-jobs_jymbii_digest-header-0-profile_glimmer-null-37ms2v%7Elm4s3ima%7Ekn-null-null&#038;trk=eml-jobs_jymbii_digest-header-0-profile_glimmer&#038;originalSubdomain=fi\" target=\"_blank\">\n\t\t\t\t\t\t<span class=\"elementor-screen-only\">Linkedin<\/span>\n\t\t\t\t\t\t<i aria-hidden=\"true\" class=\"fab fa-linkedin\"><\/i>\t\t\t\t\t<\/a>\n\t\t\t\t<\/span>\n\t\t\t\t\t<\/div>\n\t\t\t\t\t\t<\/div>\n\t\t\t\t<\/div>\n\t\t\t\t\t<\/div>\n\t\t<\/div>\n\t\t\t\t\t<\/div>\n\t\t<\/section>\n\t\t\t\t<footer class=\"wavo-column-gap-no elementor-section elementor-top-section elementor-element elementor-element-3ab0129e elementor-section-content-middle elementor-section-stretched elementor-section-boxed elementor-section-height-default elementor-section-height-default\" data-id=\"3ab0129e\" data-element_type=\"section\" data-e-type=\"section\" data-settings=\"{&quot;stretch_section&quot;:&quot;section-stretched&quot;}\">\n\t\t\t\t\t\t<div class=\"elementor-container elementor-column-gap-no\">\n\t\t\t\t\t<div class=\"elementor-column elementor-col-100 elementor-top-column elementor-element elementor-element-763813b6\" data-id=\"763813b6\" data-element_type=\"column\" data-e-type=\"column\">\n\t\t\t<div class=\"elementor-widget-wrap elementor-element-populated\">\n\t\t\t\t\t\t<div class=\"elementor-element elementor-element-3ee9ca8 elementor-widget elementor-widget-google_maps\" data-id=\"3ee9ca8\" data-element_type=\"widget\" data-e-type=\"widget\" data-widget_type=\"google_maps.default\">\n\t\t\t\t<div class=\"elementor-widget-container\">\n\t\t\t\t\t\t\t<div class=\"elementor-custom-embed\">\n\t\t\t<iframe loading=\"lazy\"\n\t\t\t\t\tsrc=\"https:\/\/maps.google.com\/maps?q=Harjutie%2015C%2018%2004400%20J%C3%A4rvenp%C3%A4%C3%A4&#038;t=m&#038;z=15&#038;output=embed&#038;iwloc=near\"\n\t\t\t\t\ttitle=\"Harjutie 15C 18 04400 J\u00e4rvenp\u00e4\u00e4\"\n\t\t\t\t\taria-label=\"Harjutie 15C 18 04400 J\u00e4rvenp\u00e4\u00e4\"\n\t\t\t><\/iframe>\n\t\t<\/div>\n\t\t\t\t\t\t<\/div>\n\t\t\t\t<\/div>\n\t\t\t\t\t<\/div>\n\t\t<\/div>\n\t\t\t\t\t<\/div>\n\t\t<\/footer>\n\t\t\t\t<\/div>\n\t\t","protected":false},"excerpt":{"rendered":"<p>Hei! Olen Sari ja haluan auttaa yrityksesi markkinoinnissa &#8211; tehd\u00e4 yrityksest\u00e4si n\u00e4kyv\u00e4mp\u00e4\u00e4 ja uskottavampaa Yli 25 vuoden kokemuksella markkinointiviestinn\u00e4st\u00e4 tied\u00e4n, mit\u00e4 tarvitaan menestykseen. Mutta kaikkein t\u00e4rkeint\u00e4 on yhteisty\u00f6 ja jaettu intohimo. Haluan ty\u00f6skennell\u00e4 kanssasi, saattaa ideasi lentoon ja saavuttaa yhdess\u00e4 halutut tavoitteet. Sinun uteliaisuutesi, halusi kehitty\u00e4 sek\u00e4 aika ja raha ovat ne avaimet, joilla k\u00e4ynnist\u00e4mme&#8230;<\/p>\n","protected":false},"author":4,"featured_media":0,"parent":0,"menu_order":60,"comment_status":"closed","ping_status":"closed","template":"elementor_header_footer","meta":{"footnotes":""},"class_list":{"0":"post-7301","1":"page","2":"type-page","3":"status-publish","4":"hentry","5":"nt-post-class","6":"","7":"thumb-none","9":"excerpt-none"},"yoast_head":"<!-- This site is optimized with the Yoast SEO plugin v27.5 - https:\/\/yoast.com\/product\/yoast-seo-wordpress\/ -->\n<title>Terve olen Sari, haluan auttaa yrityksesi markkinoinnissa<\/title>\n<meta name=\"description\" content=\"Tehd\u00e4 yrityksest\u00e4si n\u00e4kyv\u00e4mp\u00e4\u00e4 ja uskottavampaa. Tehd\u00e4\u00e4n sitten verkkosivuja tai muita markkinointi toimenpiteit\u00e4. Ota yhteytt\u00e4 ja soita!\" \/>\n<meta name=\"robots\" content=\"noindex, follow, max-snippet:-1, max-image-preview:large, max-video-preview:-1\" \/>\n<meta property=\"og:locale\" content=\"fi_FI\" \/>\n<meta property=\"og:type\" content=\"article\" \/>\n<meta property=\"og:title\" content=\"Terve olen Sari, haluan auttaa yrityksesi markkinoinnissa\" \/>\n<meta property=\"og:description\" content=\"Tehd\u00e4 yrityksest\u00e4si n\u00e4kyv\u00e4mp\u00e4\u00e4 ja uskottavampaa. Tehd\u00e4\u00e4n sitten verkkosivuja tai muita markkinointi toimenpiteit\u00e4. Ota yhteytt\u00e4 ja soita!\" \/>\n<meta property=\"og:url\" content=\"https:\/\/elgideas.zoner.dev\/soita-ja-ota-yhteytta\/\" \/>\n<meta property=\"og:site_name\" content=\"Tarvitsetko verkkosivut, hakukoneoptimoinnin ja Google Analyticsin?\" \/>\n<meta property=\"article:publisher\" content=\"https:\/\/www.facebook.com\/elgideas\/\" \/>\n<meta property=\"article:modified_time\" content=\"2026-02-10T00:54:38+00:00\" \/>\n<meta property=\"og:image\" content=\"https:\/\/elgideas.zoner.dev\/wp-content\/uploads\/sari-elg.png\" \/>\n\t<meta property=\"og:image:width\" content=\"185\" \/>\n\t<meta property=\"og:image:height\" content=\"185\" \/>\n\t<meta property=\"og:image:type\" content=\"image\/png\" \/>\n<script type=\"application\/ld+json\" class=\"yoast-schema-graph\">{\"@context\":\"https:\\\/\\\/schema.org\",\"@graph\":[{\"@type\":\"WebPage\",\"@id\":\"https:\\\/\\\/elgideas.zoner.dev\\\/soita-ja-ota-yhteytta\\\/\",\"url\":\"https:\\\/\\\/elgideas.zoner.dev\\\/soita-ja-ota-yhteytta\\\/\",\"name\":\"Terve olen Sari, haluan auttaa yrityksesi markkinoinnissa\",\"isPartOf\":{\"@id\":\"https:\\\/\\\/elgideas.zoner.dev\\\/#website\"},\"primaryImageOfPage\":{\"@id\":\"https:\\\/\\\/elgideas.zoner.dev\\\/soita-ja-ota-yhteytta\\\/#primaryimage\"},\"image\":{\"@id\":\"https:\\\/\\\/elgideas.zoner.dev\\\/soita-ja-ota-yhteytta\\\/#primaryimage\"},\"thumbnailUrl\":\"https:\\\/\\\/elgideas.zoner.dev\\\/wp-content\\\/uploads\\\/sari-elg.png\",\"datePublished\":\"2014-09-09T08:03:22+00:00\",\"dateModified\":\"2026-02-10T00:54:38+00:00\",\"description\":\"Tehd\u00e4 yrityksest\u00e4si n\u00e4kyv\u00e4mp\u00e4\u00e4 ja uskottavampaa. Tehd\u00e4\u00e4n sitten verkkosivuja tai muita markkinointi toimenpiteit\u00e4. Ota yhteytt\u00e4 ja soita!\",\"breadcrumb\":{\"@id\":\"https:\\\/\\\/elgideas.zoner.dev\\\/soita-ja-ota-yhteytta\\\/#breadcrumb\"},\"inLanguage\":\"fi\",\"potentialAction\":[{\"@type\":\"ReadAction\",\"target\":[\"https:\\\/\\\/elgideas.zoner.dev\\\/soita-ja-ota-yhteytta\\\/\"]}]},{\"@type\":\"ImageObject\",\"inLanguage\":\"fi\",\"@id\":\"https:\\\/\\\/elgideas.zoner.dev\\\/soita-ja-ota-yhteytta\\\/#primaryimage\",\"url\":\"https:\\\/\\\/elgideas.zoner.dev\\\/wp-content\\\/uploads\\\/sari-elg.png\",\"contentUrl\":\"https:\\\/\\\/elgideas.zoner.dev\\\/wp-content\\\/uploads\\\/sari-elg.png\"},{\"@type\":\"BreadcrumbList\",\"@id\":\"https:\\\/\\\/elgideas.zoner.dev\\\/soita-ja-ota-yhteytta\\\/#breadcrumb\",\"itemListElement\":[{\"@type\":\"ListItem\",\"position\":1,\"name\":\"Home\",\"item\":\"https:\\\/\\\/elgideas.zoner.dev\\\/\"},{\"@type\":\"ListItem\",\"position\":2,\"name\":\"Yhteydenotto\"}]},{\"@type\":\"WebSite\",\"@id\":\"https:\\\/\\\/elgideas.zoner.dev\\\/#website\",\"url\":\"https:\\\/\\\/elgideas.zoner.dev\\\/\",\"name\":\"Elgideas | Digitaalista markkinointia ja graafista suunnittelua\",\"description\":\"Verkkosivujen hakukoneoptimointi SEO ja graafista suunnittelua\",\"publisher\":{\"@id\":\"https:\\\/\\\/elgideas.zoner.dev\\\/#organization\"},\"alternateName\":\"Elgideas\",\"potentialAction\":[{\"@type\":\"SearchAction\",\"target\":{\"@type\":\"EntryPoint\",\"urlTemplate\":\"https:\\\/\\\/elgideas.zoner.dev\\\/?s={search_term_string}\"},\"query-input\":{\"@type\":\"PropertyValueSpecification\",\"valueRequired\":true,\"valueName\":\"search_term_string\"}}],\"inLanguage\":\"fi\"},{\"@type\":\"Organization\",\"@id\":\"https:\\\/\\\/elgideas.zoner.dev\\\/#organization\",\"name\":\"Tarvitsetko verkkosivut, hakukoneoptimoinnin SEO ja Google Analyticsin?\",\"alternateName\":\"Verkkosivut, hakukoneoptimointi SEO ja Google Analytics\",\"url\":\"https:\\\/\\\/elgideas.zoner.dev\\\/\",\"logo\":{\"@type\":\"ImageObject\",\"inLanguage\":\"fi\",\"@id\":\"https:\\\/\\\/elgideas.zoner.dev\\\/#\\\/schema\\\/logo\\\/image\\\/\",\"url\":\"https:\\\/\\\/elgideas.zoner.dev\\\/wp-content\\\/uploads\\\/cropped-logo_512-1.png\",\"contentUrl\":\"https:\\\/\\\/elgideas.zoner.dev\\\/wp-content\\\/uploads\\\/cropped-logo_512-1.png\",\"width\":512,\"height\":512,\"caption\":\"Tarvitsetko verkkosivut, hakukoneoptimoinnin SEO ja Google Analyticsin?\"},\"image\":{\"@id\":\"https:\\\/\\\/elgideas.zoner.dev\\\/#\\\/schema\\\/logo\\\/image\\\/\"},\"sameAs\":[\"https:\\\/\\\/www.facebook.com\\\/elgideas\\\/\",\"https:\\\/\\\/www.linkedin.com\\\/in\\\/sari-elg-08706355\\\/\"]}]}<\/script>\n<!-- \/ Yoast SEO plugin. -->","yoast_head_json":{"title":"Terve olen Sari, haluan auttaa yrityksesi markkinoinnissa","description":"Tehd\u00e4 yrityksest\u00e4si n\u00e4kyv\u00e4mp\u00e4\u00e4 ja uskottavampaa. Tehd\u00e4\u00e4n sitten verkkosivuja tai muita markkinointi toimenpiteit\u00e4. Ota yhteytt\u00e4 ja soita!","robots":{"index":"noindex","follow":"follow","max-snippet":"max-snippet:-1","max-image-preview":"max-image-preview:large","max-video-preview":"max-video-preview:-1"},"og_locale":"fi_FI","og_type":"article","og_title":"Terve olen Sari, haluan auttaa yrityksesi markkinoinnissa","og_description":"Tehd\u00e4 yrityksest\u00e4si n\u00e4kyv\u00e4mp\u00e4\u00e4 ja uskottavampaa. Tehd\u00e4\u00e4n sitten verkkosivuja tai muita markkinointi toimenpiteit\u00e4. Ota yhteytt\u00e4 ja soita!","og_url":"https:\/\/elgideas.zoner.dev\/soita-ja-ota-yhteytta\/","og_site_name":"Tarvitsetko verkkosivut, hakukoneoptimoinnin ja Google Analyticsin?","article_publisher":"https:\/\/www.facebook.com\/elgideas\/","article_modified_time":"2026-02-10T00:54:38+00:00","og_image":[{"width":185,"height":185,"url":"https:\/\/elgideas.zoner.dev\/wp-content\/uploads\/sari-elg.png","type":"image\/png"}],"schema":{"@context":"https:\/\/schema.org","@graph":[{"@type":"WebPage","@id":"https:\/\/elgideas.zoner.dev\/soita-ja-ota-yhteytta\/","url":"https:\/\/elgideas.zoner.dev\/soita-ja-ota-yhteytta\/","name":"Terve olen Sari, haluan auttaa yrityksesi markkinoinnissa","isPartOf":{"@id":"https:\/\/elgideas.zoner.dev\/#website"},"primaryImageOfPage":{"@id":"https:\/\/elgideas.zoner.dev\/soita-ja-ota-yhteytta\/#primaryimage"},"image":{"@id":"https:\/\/elgideas.zoner.dev\/soita-ja-ota-yhteytta\/#primaryimage"},"thumbnailUrl":"https:\/\/elgideas.zoner.dev\/wp-content\/uploads\/sari-elg.png","datePublished":"2014-09-09T08:03:22+00:00","dateModified":"2026-02-10T00:54:38+00:00","description":"Tehd\u00e4 yrityksest\u00e4si n\u00e4kyv\u00e4mp\u00e4\u00e4 ja uskottavampaa. Tehd\u00e4\u00e4n sitten verkkosivuja tai muita markkinointi toimenpiteit\u00e4. Ota yhteytt\u00e4 ja soita!","breadcrumb":{"@id":"https:\/\/elgideas.zoner.dev\/soita-ja-ota-yhteytta\/#breadcrumb"},"inLanguage":"fi","potentialAction":[{"@type":"ReadAction","target":["https:\/\/elgideas.zoner.dev\/soita-ja-ota-yhteytta\/"]}]},{"@type":"ImageObject","inLanguage":"fi","@id":"https:\/\/elgideas.zoner.dev\/soita-ja-ota-yhteytta\/#primaryimage","url":"https:\/\/elgideas.zoner.dev\/wp-content\/uploads\/sari-elg.png","contentUrl":"https:\/\/elgideas.zoner.dev\/wp-content\/uploads\/sari-elg.png"},{"@type":"BreadcrumbList","@id":"https:\/\/elgideas.zoner.dev\/soita-ja-ota-yhteytta\/#breadcrumb","itemListElement":[{"@type":"ListItem","position":1,"name":"Home","item":"https:\/\/elgideas.zoner.dev\/"},{"@type":"ListItem","position":2,"name":"Yhteydenotto"}]},{"@type":"WebSite","@id":"https:\/\/elgideas.zoner.dev\/#website","url":"https:\/\/elgideas.zoner.dev\/","name":"Elgideas | Digitaalista markkinointia ja graafista suunnittelua","description":"Verkkosivujen hakukoneoptimointi SEO ja graafista suunnittelua","publisher":{"@id":"https:\/\/elgideas.zoner.dev\/#organization"},"alternateName":"Elgideas","potentialAction":[{"@type":"SearchAction","target":{"@type":"EntryPoint","urlTemplate":"https:\/\/elgideas.zoner.dev\/?s={search_term_string}"},"query-input":{"@type":"PropertyValueSpecification","valueRequired":true,"valueName":"search_term_string"}}],"inLanguage":"fi"},{"@type":"Organization","@id":"https:\/\/elgideas.zoner.dev\/#organization","name":"Tarvitsetko verkkosivut, hakukoneoptimoinnin SEO ja Google Analyticsin?","alternateName":"Verkkosivut, hakukoneoptimointi SEO ja Google Analytics","url":"https:\/\/elgideas.zoner.dev\/","logo":{"@type":"ImageObject","inLanguage":"fi","@id":"https:\/\/elgideas.zoner.dev\/#\/schema\/logo\/image\/","url":"https:\/\/elgideas.zoner.dev\/wp-content\/uploads\/cropped-logo_512-1.png","contentUrl":"https:\/\/elgideas.zoner.dev\/wp-content\/uploads\/cropped-logo_512-1.png","width":512,"height":512,"caption":"Tarvitsetko verkkosivut, hakukoneoptimoinnin SEO ja Google Analyticsin?"},"image":{"@id":"https:\/\/elgideas.zoner.dev\/#\/schema\/logo\/image\/"},"sameAs":["https:\/\/www.facebook.com\/elgideas\/","https:\/\/www.linkedin.com\/in\/sari-elg-08706355\/"]}]}},"_links":{"self":[{"href":"https:\/\/elgideas.zoner.dev\/fi\/wp-json\/wp\/v2\/pages\/7301","targetHints":{"allow":["GET"]}}],"collection":[{"href":"https:\/\/elgideas.zoner.dev\/fi\/wp-json\/wp\/v2\/pages"}],"about":[{"href":"https:\/\/elgideas.zoner.dev\/fi\/wp-json\/wp\/v2\/types\/page"}],"author":[{"embeddable":true,"href":"https:\/\/elgideas.zoner.dev\/fi\/wp-json\/wp\/v2\/users\/4"}],"replies":[{"embeddable":true,"href":"https:\/\/elgideas.zoner.dev\/fi\/wp-json\/wp\/v2\/comments?post=7301"}],"version-history":[{"count":48,"href":"https:\/\/elgideas.zoner.dev\/fi\/wp-json\/wp\/v2\/pages\/7301\/revisions"}],"predecessor-version":[{"id":10495,"href":"https:\/\/elgideas.zoner.dev\/fi\/wp-json\/wp\/v2\/pages\/7301\/revisions\/10495"}],"wp:attachment":[{"href":"https:\/\/elgideas.zoner.dev\/fi\/wp-json\/wp\/v2\/media?parent=7301"}],"curies":[{"name":"wp","href":"https:\/\/api.w.org\/{rel}","templated":true}]}}