{"id":7303,"date":"2014-09-05T12:46:37","date_gmt":"2014-09-05T12:46:37","guid":{"rendered":"https:\/\/elgideas.zoner.dev\/tilaa-verkkotunnus\/"},"modified":"2025-12-28T18:18:14","modified_gmt":"2025-12-28T18:18:14","slug":"web-hosting","status":"publish","type":"page","link":"https:\/\/elgideas.zoner.dev\/fi\/web-hosting\/","title":{"rendered":"Web hosting"},"content":{"rendered":"\t\t<div data-elementor-type=\"wp-page\" data-elementor-id=\"7303\" class=\"elementor elementor-7303 elementor-2091\">\n\t\t\t\t\t\t<section class=\"wavo-column-gap-default elementor-section elementor-top-section elementor-element elementor-element-8cbd273 elementor-section-boxed elementor-section-height-default elementor-section-height-default\" data-id=\"8cbd273\" data-element_type=\"section\" data-e-type=\"section\">\n\t\t\t\t\t\t<div class=\"elementor-container elementor-column-gap-default\">\n\t\t\t\t\t<div class=\"elementor-column elementor-col-100 elementor-top-column elementor-element elementor-element-74e9095\" data-id=\"74e9095\" data-element_type=\"column\" data-e-type=\"column\">\n\t\t\t<div class=\"elementor-widget-wrap elementor-element-populated\">\n\t\t\t\t\t\t<div class=\"elementor-element elementor-element-dcc111f wavo-transform transform-type-translate elementor-widget elementor-widget-heading\" data-id=\"dcc111f\" data-element_type=\"widget\" data-e-type=\"widget\" data-widget_type=\"heading.default\">\n\t\t\t\t<div class=\"elementor-widget-container\">\n\t\t\t\t\t<h2 class=\"elementor-heading-title elementor-size-default\">Tilaa helposti verkkotunnus samasta paikkasta.\nWebhotelli, verkkotunnus (domain) ja s\u00e4hk\u00f6postit  <br>\nZonerilta!<\/h2>\t\t\t\t<\/div>\n\t\t\t\t<\/div>\n\t\t\t\t\t<\/div>\n\t\t<\/div>\n\t\t\t\t\t<\/div>\n\t\t<\/section>\n\t\t\t\t<section class=\"wavo-column-gap-default elementor-section elementor-top-section elementor-element elementor-element-b2dde78 elementor-section-boxed elementor-section-height-default elementor-section-height-default\" data-id=\"b2dde78\" data-element_type=\"section\" data-e-type=\"section\">\n\t\t\t\t\t\t<div class=\"elementor-container elementor-column-gap-default\">\n\t\t\t\t\t<div class=\"elementor-column elementor-col-50 elementor-top-column elementor-element elementor-element-d6169af\" data-id=\"d6169af\" data-element_type=\"column\" data-e-type=\"column\">\n\t\t\t<div class=\"elementor-widget-wrap elementor-element-populated\">\n\t\t\t\t\t\t<div class=\"elementor-element elementor-element-9fdeb74 elementor-widget elementor-widget-text-editor\" data-id=\"9fdeb74\" data-element_type=\"widget\" data-e-type=\"widget\" data-widget_type=\"text-editor.default\">\n\t\t\t\t<div class=\"elementor-widget-container\">\n\t\t\t\t\t\t\t\t\t<p><span style=\"color: #333333;\">Zonerin webhotellit sopivat tarpeisiin. Domain kuuluu hintaan. Palvelu Zonerilla toimii todella hyvin. Saat chatin kautta nopeasti apua ongelmatilanteessa.<\/span><\/p><p><span style=\"color: #333333;\">\u00a0<\/span><\/p><p><span style=\"color: #333333;\"><a style=\"color: #333333;\" href=\"https:\/\/www.zoner.fi\/webhotellit\/?affiliates=85\" target=\"_blank\" rel=\"noopener\">Zonerin<\/a> webhotelli on nopea ja kotisivutila sis\u00e4lt\u00e4\u00e4 verkkotunnuksen ja s\u00e4hk\u00f6postit. WP-Cloud on erityisen hyv\u00e4 yll\u00e4pito WordPress-sivustolle.<\/span><\/p><p><span style=\"color: #333333;\">\u00a0<\/span><\/p><p><span style=\"color: #333333;\"><a style=\"color: #333333;\" href=\"https:\/\/www.zoner.fi\/webhotellit\/?affiliates=85\" target=\"_blank\" rel=\"noopener\">Zoner.fi<\/a> \u2013 Suomalainen palveluntarjoaja, jolla palvelimet<\/span><br \/><span style=\"color: #333333;\">ovat Suomessa. <a style=\"color: #333333;\" href=\"https:\/\/www.zoner.fi\/webhotellit\/?affiliates=85\" target=\"_blank\" rel=\"noopener\">Tilaa nyt t\u00e4st\u00e4 ja saat heti k\u00e4ytt\u00f6\u00f6si!<\/a><br \/><\/span><\/p><p><span style=\"color: #333333;\">\u00a0<\/span><\/p><p><span style=\"color: #333333;\">Ja jos sinulla on jotain kysytt\u00e4v\u00e4\u00e4 domainista tai verkkotunnuksista ota yhteytt\u00e4 Sari <a style=\"color: #333333;\" href=\"tel:0505004245\" target=\"_blank\" rel=\"noopener\">050 500 4245<\/a> tai <a style=\"color: #333333;\" href=\"mailto:sari.elg@elgideas.zoner.dev\">sari.elg@elgideas.zoner.dev<\/a>.<\/span><\/p>\t\t\t\t\t\t\t\t<\/div>\n\t\t\t\t<\/div>\n\t\t\t\t\t<\/div>\n\t\t<\/div>\n\t\t\t\t<div class=\"elementor-column elementor-col-50 elementor-top-column elementor-element elementor-element-8464a9a\" data-id=\"8464a9a\" data-element_type=\"column\" data-e-type=\"column\">\n\t\t\t<div class=\"elementor-widget-wrap elementor-element-populated\">\n\t\t\t\t\t\t<div class=\"elementor-element elementor-element-468f27c elementor-widget elementor-widget-image\" data-id=\"468f27c\" data-element_type=\"widget\" data-e-type=\"widget\" data-widget_type=\"image.default\">\n\t\t\t\t<div class=\"elementor-widget-container\">\n\t\t\t\t\t\t\t\t\t\t\t\t\t\t\t\t<a href=\"https:\/\/www.zoner.fi\/webhotellit\/?affiliates=85\" target=\"_blank\">\n\t\t\t\t\t\t\t<img fetchpriority=\"high\" decoding=\"async\" width=\"300\" height=\"250\" src=\"https:\/\/elgideas.zoner.dev\/wp-content\/uploads\/zoner-webhotelli-300x250-300x250-1.jpg\" class=\"attachment-large size-large wp-image-7235\" alt=\"zoner-webhotelli\" srcset=\"https:\/\/elgideas.zoner.dev\/wp-content\/uploads\/zoner-webhotelli-300x250-300x250-1.jpg 300w, https:\/\/elgideas.zoner.dev\/wp-content\/uploads\/zoner-webhotelli-300x250-300x250-1-120x100.jpg 120w, https:\/\/elgideas.zoner.dev\/wp-content\/uploads\/zoner-webhotelli-300x250-300x250-1-280x233.jpg 280w\" sizes=\"(max-width: 300px) 100vw, 300px\" \/>\t\t\t\t\t\t\t\t<\/a>\n\t\t\t\t\t\t\t\t\t\t\t\t\t\t\t<\/div>\n\t\t\t\t<\/div>\n\t\t\t\t<div class=\"elementor-element elementor-element-a1d2309 elementor-widget elementor-widget-text-editor\" data-id=\"a1d2309\" data-element_type=\"widget\" data-e-type=\"widget\" data-widget_type=\"text-editor.default\">\n\t\t\t\t<div class=\"elementor-widget-container\">\n\t\t\t\t\t\t\t\t\t<p><a href=\"https:\/\/www.zoner.fi\/webhotellit\/?affiliates=85\" target=\"_blank\" rel=\"noopener\">Tilaa nyt t\u00e4st\u00e4 ja saat heti k\u00e4ytt\u00f6\u00f6si!<\/a><\/p>\t\t\t\t\t\t\t\t<\/div>\n\t\t\t\t<\/div>\n\t\t\t\t\t<\/div>\n\t\t<\/div>\n\t\t\t\t\t<\/div>\n\t\t<\/section>\n\t\t\t\t<\/div>\n\t\t","protected":false},"excerpt":{"rendered":"<p>Tilaa helposti verkkotunnus samasta paikkasta. Webhotelli, verkkotunnus (domain) ja s\u00e4hk\u00f6postit Zonerilta! Zonerin webhotellit sopivat tarpeisiin. Domain kuuluu hintaan. Palvelu Zonerilla toimii todella hyvin. Saat chatin kautta nopeasti apua ongelmatilanteessa. \u00a0 Zonerin webhotelli on nopea ja kotisivutila sis\u00e4lt\u00e4\u00e4 verkkotunnuksen ja s\u00e4hk\u00f6postit. WP-Cloud on erityisen hyv\u00e4 yll\u00e4pito WordPress-sivustolle. \u00a0 Zoner.fi \u2013 Suomalainen palveluntarjoaja, jolla palvelimetovat Suomessa. Tilaa&#8230;<\/p>\n","protected":false},"author":4,"featured_media":0,"parent":0,"menu_order":0,"comment_status":"closed","ping_status":"closed","template":"","meta":{"footnotes":""},"class_list":{"0":"post-7303","1":"page","2":"type-page","3":"status-publish","4":"hentry","5":"nt-post-class","6":"","7":"thumb-none","9":"excerpt-none"},"yoast_head":"<!-- This site is optimized with the Yoast SEO plugin v27.5 - https:\/\/yoast.com\/product\/yoast-seo-wordpress\/ -->\n<title>Tilaa verkkotunnus samasta paikkaa<\/title>\n<meta name=\"description\" content=\"Domain, verkkosivun paikka webhotellissa ja s\u00e4hk\u00f6postipalvelut samasta paikaan Zonerilta. Ota yhteytt\u00e4.\" \/>\n<meta name=\"robots\" content=\"noindex, follow, max-snippet:-1, max-image-preview:large, max-video-preview:-1\" \/>\n<meta property=\"og:locale\" content=\"fi_FI\" \/>\n<meta property=\"og:type\" content=\"article\" \/>\n<meta property=\"og:title\" content=\"Tilaa verkkotunnus samasta paikkaa\" \/>\n<meta property=\"og:description\" content=\"Domain, verkkosivun paikka webhotellissa ja s\u00e4hk\u00f6postipalvelut samasta paikaan Zonerilta. Ota yhteytt\u00e4.\" \/>\n<meta property=\"og:url\" content=\"https:\/\/elgideas.zoner.dev\/web-hosting\/\" \/>\n<meta property=\"og:site_name\" content=\"Tarvitsetko verkkosivut, hakukoneoptimoinnin ja Google Analyticsin?\" \/>\n<meta property=\"article:publisher\" content=\"https:\/\/www.facebook.com\/elgideas\/\" \/>\n<meta property=\"article:modified_time\" content=\"2025-12-28T18:18:14+00:00\" \/>\n<meta property=\"og:image\" content=\"https:\/\/elgideas.zoner.dev\/wp-content\/uploads\/zoner-webhotelli-300x250-300x250-1.jpg\" \/>\n\t<meta property=\"og:image:width\" content=\"300\" \/>\n\t<meta property=\"og:image:height\" content=\"250\" \/>\n\t<meta property=\"og:image:type\" content=\"image\/jpeg\" \/>\n<script type=\"application\/ld+json\" class=\"yoast-schema-graph\">{\"@context\":\"https:\\\/\\\/schema.org\",\"@graph\":[{\"@type\":\"WebPage\",\"@id\":\"https:\\\/\\\/elgideas.zoner.dev\\\/web-hosting\\\/\",\"url\":\"https:\\\/\\\/elgideas.zoner.dev\\\/web-hosting\\\/\",\"name\":\"Tilaa verkkotunnus samasta paikkaa\",\"isPartOf\":{\"@id\":\"https:\\\/\\\/elgideas.zoner.dev\\\/#website\"},\"primaryImageOfPage\":{\"@id\":\"https:\\\/\\\/elgideas.zoner.dev\\\/web-hosting\\\/#primaryimage\"},\"image\":{\"@id\":\"https:\\\/\\\/elgideas.zoner.dev\\\/web-hosting\\\/#primaryimage\"},\"thumbnailUrl\":\"https:\\\/\\\/elgideas.zoner.dev\\\/wp-content\\\/uploads\\\/zoner-webhotelli-300x250-300x250-1.jpg\",\"datePublished\":\"2014-09-05T12:46:37+00:00\",\"dateModified\":\"2025-12-28T18:18:14+00:00\",\"description\":\"Domain, verkkosivun paikka webhotellissa ja s\u00e4hk\u00f6postipalvelut samasta paikaan Zonerilta. Ota yhteytt\u00e4.\",\"breadcrumb\":{\"@id\":\"https:\\\/\\\/elgideas.zoner.dev\\\/web-hosting\\\/#breadcrumb\"},\"inLanguage\":\"fi\",\"potentialAction\":[{\"@type\":\"ReadAction\",\"target\":[\"https:\\\/\\\/elgideas.zoner.dev\\\/web-hosting\\\/\"]}]},{\"@type\":\"ImageObject\",\"inLanguage\":\"fi\",\"@id\":\"https:\\\/\\\/elgideas.zoner.dev\\\/web-hosting\\\/#primaryimage\",\"url\":\"https:\\\/\\\/elgideas.zoner.dev\\\/wp-content\\\/uploads\\\/zoner-webhotelli-300x250-300x250-1.jpg\",\"contentUrl\":\"https:\\\/\\\/elgideas.zoner.dev\\\/wp-content\\\/uploads\\\/zoner-webhotelli-300x250-300x250-1.jpg\"},{\"@type\":\"BreadcrumbList\",\"@id\":\"https:\\\/\\\/elgideas.zoner.dev\\\/web-hosting\\\/#breadcrumb\",\"itemListElement\":[{\"@type\":\"ListItem\",\"position\":1,\"name\":\"Home\",\"item\":\"https:\\\/\\\/elgideas.zoner.dev\\\/\"},{\"@type\":\"ListItem\",\"position\":2,\"name\":\"Web hosting\"}]},{\"@type\":\"WebSite\",\"@id\":\"https:\\\/\\\/elgideas.zoner.dev\\\/#website\",\"url\":\"https:\\\/\\\/elgideas.zoner.dev\\\/\",\"name\":\"Elgideas | Digitaalista markkinointia ja graafista suunnittelua\",\"description\":\"Verkkosivujen hakukoneoptimointi SEO ja graafista suunnittelua\",\"publisher\":{\"@id\":\"https:\\\/\\\/elgideas.zoner.dev\\\/#organization\"},\"alternateName\":\"Elgideas\",\"potentialAction\":[{\"@type\":\"SearchAction\",\"target\":{\"@type\":\"EntryPoint\",\"urlTemplate\":\"https:\\\/\\\/elgideas.zoner.dev\\\/?s={search_term_string}\"},\"query-input\":{\"@type\":\"PropertyValueSpecification\",\"valueRequired\":true,\"valueName\":\"search_term_string\"}}],\"inLanguage\":\"fi\"},{\"@type\":\"Organization\",\"@id\":\"https:\\\/\\\/elgideas.zoner.dev\\\/#organization\",\"name\":\"Tarvitsetko verkkosivut, hakukoneoptimoinnin SEO ja Google Analyticsin?\",\"alternateName\":\"Verkkosivut, hakukoneoptimointi SEO ja Google Analytics\",\"url\":\"https:\\\/\\\/elgideas.zoner.dev\\\/\",\"logo\":{\"@type\":\"ImageObject\",\"inLanguage\":\"fi\",\"@id\":\"https:\\\/\\\/elgideas.zoner.dev\\\/#\\\/schema\\\/logo\\\/image\\\/\",\"url\":\"https:\\\/\\\/elgideas.zoner.dev\\\/wp-content\\\/uploads\\\/cropped-logo_512-1.png\",\"contentUrl\":\"https:\\\/\\\/elgideas.zoner.dev\\\/wp-content\\\/uploads\\\/cropped-logo_512-1.png\",\"width\":512,\"height\":512,\"caption\":\"Tarvitsetko verkkosivut, hakukoneoptimoinnin SEO ja Google Analyticsin?\"},\"image\":{\"@id\":\"https:\\\/\\\/elgideas.zoner.dev\\\/#\\\/schema\\\/logo\\\/image\\\/\"},\"sameAs\":[\"https:\\\/\\\/www.facebook.com\\\/elgideas\\\/\",\"https:\\\/\\\/www.linkedin.com\\\/in\\\/sari-elg-08706355\\\/\"]}]}<\/script>\n<!-- \/ Yoast SEO plugin. -->","yoast_head_json":{"title":"Tilaa verkkotunnus samasta paikkaa","description":"Domain, verkkosivun paikka webhotellissa ja s\u00e4hk\u00f6postipalvelut samasta paikaan Zonerilta. Ota yhteytt\u00e4.","robots":{"index":"noindex","follow":"follow","max-snippet":"max-snippet:-1","max-image-preview":"max-image-preview:large","max-video-preview":"max-video-preview:-1"},"og_locale":"fi_FI","og_type":"article","og_title":"Tilaa verkkotunnus samasta paikkaa","og_description":"Domain, verkkosivun paikka webhotellissa ja s\u00e4hk\u00f6postipalvelut samasta paikaan Zonerilta. Ota yhteytt\u00e4.","og_url":"https:\/\/elgideas.zoner.dev\/web-hosting\/","og_site_name":"Tarvitsetko verkkosivut, hakukoneoptimoinnin ja Google Analyticsin?","article_publisher":"https:\/\/www.facebook.com\/elgideas\/","article_modified_time":"2025-12-28T18:18:14+00:00","og_image":[{"width":300,"height":250,"url":"https:\/\/elgideas.zoner.dev\/wp-content\/uploads\/zoner-webhotelli-300x250-300x250-1.jpg","type":"image\/jpeg"}],"schema":{"@context":"https:\/\/schema.org","@graph":[{"@type":"WebPage","@id":"https:\/\/elgideas.zoner.dev\/web-hosting\/","url":"https:\/\/elgideas.zoner.dev\/web-hosting\/","name":"Tilaa verkkotunnus samasta paikkaa","isPartOf":{"@id":"https:\/\/elgideas.zoner.dev\/#website"},"primaryImageOfPage":{"@id":"https:\/\/elgideas.zoner.dev\/web-hosting\/#primaryimage"},"image":{"@id":"https:\/\/elgideas.zoner.dev\/web-hosting\/#primaryimage"},"thumbnailUrl":"https:\/\/elgideas.zoner.dev\/wp-content\/uploads\/zoner-webhotelli-300x250-300x250-1.jpg","datePublished":"2014-09-05T12:46:37+00:00","dateModified":"2025-12-28T18:18:14+00:00","description":"Domain, verkkosivun paikka webhotellissa ja s\u00e4hk\u00f6postipalvelut samasta paikaan Zonerilta. Ota yhteytt\u00e4.","breadcrumb":{"@id":"https:\/\/elgideas.zoner.dev\/web-hosting\/#breadcrumb"},"inLanguage":"fi","potentialAction":[{"@type":"ReadAction","target":["https:\/\/elgideas.zoner.dev\/web-hosting\/"]}]},{"@type":"ImageObject","inLanguage":"fi","@id":"https:\/\/elgideas.zoner.dev\/web-hosting\/#primaryimage","url":"https:\/\/elgideas.zoner.dev\/wp-content\/uploads\/zoner-webhotelli-300x250-300x250-1.jpg","contentUrl":"https:\/\/elgideas.zoner.dev\/wp-content\/uploads\/zoner-webhotelli-300x250-300x250-1.jpg"},{"@type":"BreadcrumbList","@id":"https:\/\/elgideas.zoner.dev\/web-hosting\/#breadcrumb","itemListElement":[{"@type":"ListItem","position":1,"name":"Home","item":"https:\/\/elgideas.zoner.dev\/"},{"@type":"ListItem","position":2,"name":"Web hosting"}]},{"@type":"WebSite","@id":"https:\/\/elgideas.zoner.dev\/#website","url":"https:\/\/elgideas.zoner.dev\/","name":"Elgideas | Digitaalista markkinointia ja graafista suunnittelua","description":"Verkkosivujen hakukoneoptimointi SEO ja graafista suunnittelua","publisher":{"@id":"https:\/\/elgideas.zoner.dev\/#organization"},"alternateName":"Elgideas","potentialAction":[{"@type":"SearchAction","target":{"@type":"EntryPoint","urlTemplate":"https:\/\/elgideas.zoner.dev\/?s={search_term_string}"},"query-input":{"@type":"PropertyValueSpecification","valueRequired":true,"valueName":"search_term_string"}}],"inLanguage":"fi"},{"@type":"Organization","@id":"https:\/\/elgideas.zoner.dev\/#organization","name":"Tarvitsetko verkkosivut, hakukoneoptimoinnin SEO ja Google Analyticsin?","alternateName":"Verkkosivut, hakukoneoptimointi SEO ja Google Analytics","url":"https:\/\/elgideas.zoner.dev\/","logo":{"@type":"ImageObject","inLanguage":"fi","@id":"https:\/\/elgideas.zoner.dev\/#\/schema\/logo\/image\/","url":"https:\/\/elgideas.zoner.dev\/wp-content\/uploads\/cropped-logo_512-1.png","contentUrl":"https:\/\/elgideas.zoner.dev\/wp-content\/uploads\/cropped-logo_512-1.png","width":512,"height":512,"caption":"Tarvitsetko verkkosivut, hakukoneoptimoinnin SEO ja Google Analyticsin?"},"image":{"@id":"https:\/\/elgideas.zoner.dev\/#\/schema\/logo\/image\/"},"sameAs":["https:\/\/www.facebook.com\/elgideas\/","https:\/\/www.linkedin.com\/in\/sari-elg-08706355\/"]}]}},"_links":{"self":[{"href":"https:\/\/elgideas.zoner.dev\/fi\/wp-json\/wp\/v2\/pages\/7303","targetHints":{"allow":["GET"]}}],"collection":[{"href":"https:\/\/elgideas.zoner.dev\/fi\/wp-json\/wp\/v2\/pages"}],"about":[{"href":"https:\/\/elgideas.zoner.dev\/fi\/wp-json\/wp\/v2\/types\/page"}],"author":[{"embeddable":true,"href":"https:\/\/elgideas.zoner.dev\/fi\/wp-json\/wp\/v2\/users\/4"}],"replies":[{"embeddable":true,"href":"https:\/\/elgideas.zoner.dev\/fi\/wp-json\/wp\/v2\/comments?post=7303"}],"version-history":[{"count":49,"href":"https:\/\/elgideas.zoner.dev\/fi\/wp-json\/wp\/v2\/pages\/7303\/revisions"}],"predecessor-version":[{"id":10222,"href":"https:\/\/elgideas.zoner.dev\/fi\/wp-json\/wp\/v2\/pages\/7303\/revisions\/10222"}],"wp:attachment":[{"href":"https:\/\/elgideas.zoner.dev\/fi\/wp-json\/wp\/v2\/media?parent=7303"}],"curies":[{"name":"wp","href":"https:\/\/api.w.org\/{rel}","templated":true}]}}