{"id":8434,"date":"2025-02-23T14:28:08","date_gmt":"2025-02-23T14:28:08","guid":{"rendered":"https:\/\/elgideas.zoner.dev\/?page_id=8434"},"modified":"2025-09-14T13:20:48","modified_gmt":"2025-09-14T13:20:48","slug":"blogi","status":"publish","type":"page","link":"https:\/\/elgideas.zoner.dev\/fi\/blogi\/","title":{"rendered":"Blogi"},"content":{"rendered":"\t\t<div data-elementor-type=\"wp-page\" data-elementor-id=\"8434\" class=\"elementor elementor-8434\">\n\t\t\t\t\t\t<section class=\"wavo-column-gap-wider elementor-section elementor-top-section elementor-element elementor-element-eb8ea5b elementor-section-boxed elementor-section-height-default elementor-section-height-default\" data-id=\"eb8ea5b\" data-element_type=\"section\" data-e-type=\"section\">\n\t\t\t\t\t\t<div class=\"elementor-container elementor-column-gap-wider\">\n\t\t\t\t\t<div class=\"elementor-column elementor-col-100 elementor-top-column elementor-element elementor-element-b816867\" data-id=\"b816867\" data-element_type=\"column\" data-e-type=\"column\">\n\t\t\t<div class=\"elementor-widget-wrap elementor-element-populated\">\n\t\t\t\t\t\t<div class=\"elementor-element elementor-element-1072ab8 elementor-widget elementor-widget-spacer\" data-id=\"1072ab8\" data-element_type=\"widget\" data-e-type=\"widget\" data-widget_type=\"spacer.default\">\n\t\t\t\t<div class=\"elementor-widget-container\">\n\t\t\t\t\t\t\t<div class=\"elementor-spacer\">\n\t\t\t<div class=\"elementor-spacer-inner\"><\/div>\n\t\t<\/div>\n\t\t\t\t\t\t<\/div>\n\t\t\t\t<\/div>\n\t\t\t\t<div class=\"elementor-element elementor-element-aba3d7e wavo-transform transform-type-translate elementor-widget elementor-widget-heading\" data-id=\"aba3d7e\" data-element_type=\"widget\" data-e-type=\"widget\" data-widget_type=\"heading.default\">\n\t\t\t\t<div class=\"elementor-widget-container\">\n\t\t\t\t\t<h2 class=\"elementor-heading-title elementor-size-default\">Blogi<\/h2>\t\t\t\t<\/div>\n\t\t\t\t<\/div>\n\t\t\t\t<div class=\"elementor-element elementor-element-2b1cbac elementor-widget elementor-widget-text-editor\" data-id=\"2b1cbac\" data-element_type=\"widget\" data-e-type=\"widget\" data-widget_type=\"text-editor.default\">\n\t\t\t\t<div class=\"elementor-widget-container\">\n\t\t\t\t\t\t\t\t\t<div class=\"content my-auto md:col-span-8\"><p><span style=\"color: #333333;\">T\u00e4\u00e4lt\u00e4 voit lukea artikkeleita, joita julkaistaan s\u00e4\u00e4nn\u00f6llisen ep\u00e4s\u00e4\u00e4nn\u00f6llisesti, jotka k\u00e4sittelev\u00e4t tiettyj\u00e4 aiheita tai teemoja digitaalisessa markkinoinnissa.<\/span><\/p><p><span style=\"color: #333333;\">Haluan jakaa tietoa, n\u00e4kemyksi\u00e4, ajatuksia ja tarjota apua omaan markkinointiinne tai ihan k\u00e4yt\u00e4nt\u00f6\u00f6n toteuttavia toimenpiteit\u00e4 ja ehdotuksia.<\/span><\/p><p><span style=\"color: #333333;\">Ota yhteytt\u00e4, jos sinua askarruttaa jokin asia tai aihe, josta haluaisit ett\u00e4 kirjoitan.<\/span><\/p><\/div>\t\t\t\t\t\t\t\t<\/div>\n\t\t\t\t<\/div>\n\t\t\t\t<div class=\"elementor-element elementor-element-f2e2d72 elementor-widget elementor-widget-spacer\" data-id=\"f2e2d72\" data-element_type=\"widget\" data-e-type=\"widget\" data-widget_type=\"spacer.default\">\n\t\t\t\t<div class=\"elementor-widget-container\">\n\t\t\t\t\t\t\t<div class=\"elementor-spacer\">\n\t\t\t<div class=\"elementor-spacer-inner\"><\/div>\n\t\t<\/div>\n\t\t\t\t\t\t<\/div>\n\t\t\t\t<\/div>\n\t\t\t\t\t<\/div>\n\t\t<\/div>\n\t\t\t\t\t<\/div>\n\t\t<\/section>\n\t\t\t\t<section class=\"wavo-column-gap-default elementor-section elementor-top-section elementor-element elementor-element-bfdd041 elementor-section-boxed elementor-section-height-default elementor-section-height-default\" data-id=\"bfdd041\" data-element_type=\"section\" data-e-type=\"section\">\n\t\t\t\t\t\t<div class=\"elementor-container elementor-column-gap-default\">\n\t\t\t\t\t<div class=\"elementor-column elementor-col-100 elementor-top-column elementor-element elementor-element-ff845b1\" data-id=\"ff845b1\" data-element_type=\"column\" data-e-type=\"column\">\n\t\t\t<div class=\"elementor-widget-wrap\">\n\t\t\t\t\t\t\t<\/div>\n\t\t<\/div>\n\t\t\t\t\t<\/div>\n\t\t<\/section>\n\t\t\t\t<section class=\"wavo-column-gap-wider elementor-section elementor-top-section elementor-element elementor-element-0d77e2e elementor-section-boxed elementor-section-height-default elementor-section-height-default\" data-id=\"0d77e2e\" data-element_type=\"section\" data-e-type=\"section\">\n\t\t\t\t\t\t<div class=\"elementor-container elementor-column-gap-wider\">\n\t\t\t\t\t<div class=\"elementor-column elementor-col-100 elementor-top-column elementor-element elementor-element-909ca3e\" data-id=\"909ca3e\" data-element_type=\"column\" data-e-type=\"column\">\n\t\t\t<div class=\"elementor-widget-wrap elementor-element-populated\">\n\t\t\t\t\t\t<div class=\"elementor-element elementor-element-f016778 elementor-widget elementor-widget-wavo-blog-grid-two\" data-id=\"f016778\" data-element_type=\"widget\" data-e-type=\"widget\" data-widget_type=\"wavo-blog-grid-two.default\">\n\t\t\t\t<div class=\"elementor-widget-container\">\n\t\t\t\t\t<div class=\"blog-grid-two nt-blog nt-blog-widget\"><div class=\"container-off\"><div class=\"row\"><div class=\"col-12 col-sm-12 col-md-6 col-lg-4 item-column\"><div class=\"item\"><div class=\"content\"><div class=\"img\"><a class=\"img-link\" href=\"https:\/\/elgideas.zoner.dev\/fi\/miksi-verkkosivusi-ei-nay-googlen-hakutuloksissa-6-yleista-syyta-ja-ratkaisut\/\"><img fetchpriority=\"high\" decoding=\"async\" width=\"600\" height=\"400\" src=\"https:\/\/elgideas.zoner.dev\/wp-content\/uploads\/goole-hakutulokset.jpg\" class=\"attachment-large size-large wp-post-image\" alt=\"goole-hakutulokset\" srcset=\"https:\/\/elgideas.zoner.dev\/wp-content\/uploads\/goole-hakutulokset.jpg 600w, https:\/\/elgideas.zoner.dev\/wp-content\/uploads\/goole-hakutulokset-280x187.jpg 280w, https:\/\/elgideas.zoner.dev\/wp-content\/uploads\/goole-hakutulokset-500x333.jpg 500w\" sizes=\"(max-width: 600px) 100vw, 600px\" \/><\/a><\/div><div class=\"content-footer\"><div class=\"title\"><h4><a href=\"https:\/\/elgideas.zoner.dev\/fi\/miksi-verkkosivusi-ei-nay-googlen-hakutuloksissa-6-yleista-syyta-ja-ratkaisut\/\">Miksi verkkosivusi ei n\u00e4y Googlen hakutuloksissa \u2013 6 yleist\u00e4 syyt\u00e4 ja ratkaisut<\/a><\/h4><\/div><div class=\"text\"><p>Oletko joskus googlannut yrityksesi tai verkkosivusi nime\u00e4 ja pettynyt, kun sit\u00e4 ei l\u00f6ydy mist\u00e4\u00e4n hakutuloksista? Et ole yksin. Moni sivuston&hellip;<\/p><\/div><div class=\"more\"><a href=\"https:\/\/elgideas.zoner.dev\/fi\/miksi-verkkosivusi-ei-nay-googlen-hakutuloksissa-6-yleista-syyta-ja-ratkaisut\/\">Lue lis\u00e4\u00e4<\/a><\/div><\/div><\/div><\/div><\/div><div class=\"col-12 col-sm-12 col-md-6 col-lg-4 item-column\"><div class=\"item\"><div class=\"content\"><div class=\"img\"><a class=\"img-link\" href=\"https:\/\/elgideas.zoner.dev\/fi\/wordpress-vs-wix-kumpi-sopii-paremmin-yrityksesi-verkkosivun-alustaksi\/\"><img decoding=\"async\" width=\"600\" height=\"400\" src=\"https:\/\/elgideas.zoner.dev\/wp-content\/uploads\/wordpress-laptop.jpg\" class=\"attachment-large size-large wp-post-image\" alt=\"WordPress vs. Wix\" srcset=\"https:\/\/elgideas.zoner.dev\/wp-content\/uploads\/wordpress-laptop.jpg 600w, https:\/\/elgideas.zoner.dev\/wp-content\/uploads\/wordpress-laptop-280x187.jpg 280w, https:\/\/elgideas.zoner.dev\/wp-content\/uploads\/wordpress-laptop-500x333.jpg 500w\" sizes=\"(max-width: 600px) 100vw, 600px\" \/><\/a><\/div><div class=\"content-footer\"><div class=\"title\"><h4><a href=\"https:\/\/elgideas.zoner.dev\/fi\/wordpress-vs-wix-kumpi-sopii-paremmin-yrityksesi-verkkosivun-alustaksi\/\">WordPress vs. Wix: <br>Kumpi sopii paremmin yrityksesi verkkosivun alustaksi?<\/a><\/h4><\/div><div class=\"text\"><p>Kun vertaillaan WordPress vs. Wix verkkosivustojen alustoja niin on t\u00e4rke\u00e4\u00e4 huomioida mm. yrityksen erityistarpeet, tavoitteet, millaista sis\u00e4lt\u00f6\u00e4 julkaistaan ja resurssit.&hellip;<\/p><\/div><div class=\"more\"><a href=\"https:\/\/elgideas.zoner.dev\/fi\/wordpress-vs-wix-kumpi-sopii-paremmin-yrityksesi-verkkosivun-alustaksi\/\">Lue lis\u00e4\u00e4<\/a><\/div><\/div><\/div><\/div><\/div><div class=\"col-12 col-sm-12 col-md-6 col-lg-4 item-column\"><div class=\"item\"><div class=\"content\"><div class=\"img\"><a class=\"img-link\" href=\"https:\/\/elgideas.zoner.dev\/fi\/mita-tarkoittaa-generatiivinen-tekoaly-ja-miten-hyodyntaa\/\"><img decoding=\"async\" width=\"600\" height=\"400\" src=\"https:\/\/elgideas.zoner.dev\/wp-content\/uploads\/Ai-tekoaly.jpg\" class=\"attachment-large size-large wp-post-image\" alt=\"Ai-tekoa\u0308ly\" srcset=\"https:\/\/elgideas.zoner.dev\/wp-content\/uploads\/Ai-tekoaly.jpg 600w, https:\/\/elgideas.zoner.dev\/wp-content\/uploads\/Ai-tekoaly-280x187.jpg 280w, https:\/\/elgideas.zoner.dev\/wp-content\/uploads\/Ai-tekoaly-500x333.jpg 500w\" sizes=\"(max-width: 600px) 100vw, 600px\" \/><\/a><\/div><div class=\"content-footer\"><div class=\"title\"><h4><a href=\"https:\/\/elgideas.zoner.dev\/fi\/mita-tarkoittaa-generatiivinen-tekoaly-ja-miten-hyodyntaa\/\">Mit\u00e4 tarkoittaa generatiivinen teko\u00e4ly ja miten hy\u00f6dynt\u00e4\u00e4?<\/a><\/h4><\/div><div class=\"text\"><p>Generatiivinen teko\u00e4ly kykenee luomaan uutta sis\u00e4lt\u00f6\u00e4, kuten teksti\u00e4, kuvia, musiikkia tai muita aineistoja, perustuen sille sy\u00f6tettyyn dataan.<\/p><\/div><div class=\"more\"><a href=\"https:\/\/elgideas.zoner.dev\/fi\/mita-tarkoittaa-generatiivinen-tekoaly-ja-miten-hyodyntaa\/\">Lue lis\u00e4\u00e4<\/a><\/div><\/div><\/div><\/div><\/div><div class=\"col-12 col-sm-12 col-md-6 col-lg-4 item-column\"><div class=\"item\"><div class=\"content\"><div class=\"img\"><a class=\"img-link\" href=\"https:\/\/elgideas.zoner.dev\/fi\/somen-sosiaalisenmedian-merkitys-markkinoinnissa\/\"><img loading=\"lazy\" decoding=\"async\" width=\"700\" height=\"464\" src=\"https:\/\/elgideas.zoner.dev\/wp-content\/uploads\/Jaa-facebook.jpg\" class=\"attachment-large size-large wp-post-image\" alt=\"Somen (sosiaalisenmedian) merkitys markkinoinnissa\" srcset=\"https:\/\/elgideas.zoner.dev\/wp-content\/uploads\/Jaa-facebook.jpg 700w, https:\/\/elgideas.zoner.dev\/wp-content\/uploads\/Jaa-facebook-280x186.jpg 280w, https:\/\/elgideas.zoner.dev\/wp-content\/uploads\/Jaa-facebook-500x331.jpg 500w\" sizes=\"(max-width: 700px) 100vw, 700px\" \/><\/a><\/div><div class=\"content-footer\"><div class=\"title\"><h4><a href=\"https:\/\/elgideas.zoner.dev\/fi\/somen-sosiaalisenmedian-merkitys-markkinoinnissa\/\">Somen (sosiaalisenmedian) merkitys markkinoinnissa<\/a><\/h4><\/div><div class=\"text\"><p>Somen rooli vain kasvaa ja yritysten, jotka ymm\u00e4rt\u00e4v\u00e4t ja hy\u00f6dynt\u00e4v\u00e4t somea on mahdollisuuksia mm. kasvattaa ja sitouttaa asiakaskuntaa ja vahvistaa&hellip;<\/p><\/div><div class=\"more\"><a href=\"https:\/\/elgideas.zoner.dev\/fi\/somen-sosiaalisenmedian-merkitys-markkinoinnissa\/\">Lue lis\u00e4\u00e4<\/a><\/div><\/div><\/div><\/div><\/div><div class=\"col-12 col-sm-12 col-md-6 col-lg-4 item-column\"><div class=\"item\"><div class=\"content\"><div class=\"img\"><a class=\"img-link\" href=\"https:\/\/elgideas.zoner.dev\/fi\/verkkosivujen-turvallisuus\/\"><img loading=\"lazy\" decoding=\"async\" width=\"700\" height=\"439\" src=\"https:\/\/elgideas.zoner.dev\/wp-content\/uploads\/Kirjautumisyritysten-rajoittaminen.jpg\" class=\"attachment-large size-large wp-post-image\" alt=\"Kirjautumisyritysten-rajoittaminen\" srcset=\"https:\/\/elgideas.zoner.dev\/wp-content\/uploads\/Kirjautumisyritysten-rajoittaminen.jpg 700w, https:\/\/elgideas.zoner.dev\/wp-content\/uploads\/Kirjautumisyritysten-rajoittaminen-280x176.jpg 280w, https:\/\/elgideas.zoner.dev\/wp-content\/uploads\/Kirjautumisyritysten-rajoittaminen-500x314.jpg 500w\" sizes=\"(max-width: 700px) 100vw, 700px\" \/><\/a><\/div><div class=\"content-footer\"><div class=\"title\"><h4><a href=\"https:\/\/elgideas.zoner.dev\/fi\/verkkosivujen-turvallisuus\/\">Turvallinen sivusto suojaa sivuston yll\u00e4pit\u00e4ji\u00e4 ja k\u00e4ytt\u00e4ji\u00e4<\/a><\/h4><\/div><div class=\"text\"><p>Hyvin suojattu turvallinen sivusto suojaa sivuston yll\u00e4pit\u00e4ji\u00e4 ja k\u00e4ytt\u00e4ji\u00e4 esim. hakkeroinnilta, tietojen vuotamiselta ja muilta kyberhy\u00f6kk\u00e4yksilt\u00e4.<\/p><\/div><div class=\"more\"><a href=\"https:\/\/elgideas.zoner.dev\/fi\/verkkosivujen-turvallisuus\/\">Lue lis\u00e4\u00e4<\/a><\/div><\/div><\/div><\/div><\/div><div class=\"col-12 col-sm-12 col-md-6 col-lg-4 item-column\"><div class=\"item\"><div class=\"content\"><div class=\"img\"><a class=\"img-link\" href=\"https:\/\/elgideas.zoner.dev\/fi\/konversio-verkkosivulla\/\"><img loading=\"lazy\" decoding=\"async\" width=\"700\" height=\"456\" src=\"https:\/\/elgideas.zoner.dev\/wp-content\/uploads\/Analystics-nakyma.jpg\" class=\"attachment-large size-large wp-post-image\" alt=\"konveriso vrkkosivuilla mit\u00e4 tarkoittaa Analystics-na\u0308kyma\u0308\" srcset=\"https:\/\/elgideas.zoner.dev\/wp-content\/uploads\/Analystics-nakyma.jpg 700w, https:\/\/elgideas.zoner.dev\/wp-content\/uploads\/Analystics-nakyma-280x182.jpg 280w, https:\/\/elgideas.zoner.dev\/wp-content\/uploads\/Analystics-nakyma-500x326.jpg 500w\" sizes=\"(max-width: 700px) 100vw, 700px\" \/><\/a><\/div><div class=\"content-footer\"><div class=\"title\"><h4><a href=\"https:\/\/elgideas.zoner.dev\/fi\/konversio-verkkosivulla\/\">Konversio mittaa k\u00e4vij\u00f6iden toimintaa<\/a><\/h4><\/div><div class=\"text\"><p>Konversio verkkosivulla tarkoittaa sit\u00e4, ett\u00e4 k\u00e4vij\u00e4 suorittaa halutun toiminnan, joka on yleens\u00e4 sidoksissa liiketoiminnan tavoitteisiin.<\/p><\/div><div class=\"more\"><a href=\"https:\/\/elgideas.zoner.dev\/fi\/konversio-verkkosivulla\/\">Lue lis\u00e4\u00e4<\/a><\/div><\/div><\/div><\/div><\/div><\/div><div class=\"nt-pagination d-flex justify-content-center align-items-center\"><\/div><\/div><\/div>\t\t\t\t<\/div>\n\t\t\t\t<\/div>\n\t\t\t\t\t<\/div>\n\t\t<\/div>\n\t\t\t\t\t<\/div>\n\t\t<\/section>\n\t\t\t\t<section class=\"wavo-column-gap-default elementor-section elementor-top-section elementor-element elementor-element-54893a38 elementor-section-stretched elementor-section-boxed elementor-section-height-default elementor-section-height-default\" data-id=\"54893a38\" data-element_type=\"section\" data-e-type=\"section\" data-settings=\"{&quot;stretch_section&quot;:&quot;section-stretched&quot;,&quot;background_background&quot;:&quot;classic&quot;}\">\n\t\t\t\t\t\t<div class=\"elementor-container elementor-column-gap-default\">\n\t\t\t\t\t<div class=\"elementor-column elementor-col-50 elementor-top-column elementor-element elementor-element-6970c27d\" data-id=\"6970c27d\" data-element_type=\"column\" data-e-type=\"column\">\n\t\t\t<div class=\"elementor-widget-wrap elementor-element-populated\">\n\t\t\t\t\t\t<div class=\"elementor-element elementor-element-6f2b2166 elementor-widget-tablet__width-initial wavo-transform transform-type-translate elementor-widget elementor-widget-heading\" data-id=\"6f2b2166\" data-element_type=\"widget\" data-e-type=\"widget\" data-widget_type=\"heading.default\">\n\t\t\t\t<div class=\"elementor-widget-container\">\n\t\t\t\t\t<h6 class=\"elementor-heading-title elementor-size-default\">Tarvitsetko verkkosivut, hakukoneoptimoinnin ja Google Analyticsin? Ota yhteytt\u00e4 \u2013 rakennetaan menestyksesi!<\/h6>\t\t\t\t<\/div>\n\t\t\t\t<\/div>\n\t\t\t\t<div class=\"elementor-element elementor-element-4f286782 elementor-widget elementor-widget-text-editor\" data-id=\"4f286782\" data-element_type=\"widget\" data-e-type=\"widget\" data-widget_type=\"text-editor.default\">\n\t\t\t\t<div class=\"elementor-widget-container\">\n\t\t\t\t\t\t\t\t\t<p><span style=\"color: #333333;\"><a style=\"color: #333333;\" href=\"tel:505004245\">050 5004245<\/a> tai <a href=\"mailto:sari.elg@elgideas.zoner.dev\"><span style=\"color: #333333;\">sari.elg@elgideas.zoner.dev<\/span><\/a><\/span><\/p>\t\t\t\t\t\t\t\t<\/div>\n\t\t\t\t<\/div>\n\t\t\t\t\t<\/div>\n\t\t<\/div>\n\t\t\t\t<div class=\"elementor-column elementor-col-50 elementor-top-column elementor-element elementor-element-3209b013\" data-id=\"3209b013\" data-element_type=\"column\" data-e-type=\"column\">\n\t\t\t<div class=\"elementor-widget-wrap elementor-element-populated\">\n\t\t\t\t\t\t\t<\/div>\n\t\t<\/div>\n\t\t\t\t\t<\/div>\n\t\t<\/section>\n\t\t\t\t<\/div>\n\t\t","protected":false},"excerpt":{"rendered":"<p>Blogi T\u00e4\u00e4lt\u00e4 voit lukea artikkeleita, joita julkaistaan s\u00e4\u00e4nn\u00f6llisen ep\u00e4s\u00e4\u00e4nn\u00f6llisesti, jotka k\u00e4sittelev\u00e4t tiettyj\u00e4 aiheita tai teemoja digitaalisessa markkinoinnissa. Haluan jakaa tietoa, n\u00e4kemyksi\u00e4, ajatuksia ja tarjota apua omaan markkinointiinne tai ihan k\u00e4yt\u00e4nt\u00f6\u00f6n toteuttavia toimenpiteit\u00e4 ja ehdotuksia. Ota yhteytt\u00e4, jos sinua askarruttaa jokin asia tai aihe, josta haluaisit ett\u00e4 kirjoitan. Miksi verkkosivusi ei n\u00e4y Googlen hakutuloksissa \u2013 6&#8230;<\/p>\n","protected":false},"author":4,"featured_media":0,"parent":0,"menu_order":0,"comment_status":"closed","ping_status":"closed","template":"elementor_header_footer","meta":{"footnotes":""},"class_list":["post-8434","page","type-page","status-publish","hentry","nt-post-class","-has-sticky ",""],"yoast_head":"<!-- This site is optimized with the Yoast SEO plugin v27.5 - https:\/\/yoast.com\/product\/yoast-seo-wordpress\/ -->\n<title>Artikkeleita, miss\u00e4 jaan n\u00e4kemyksi\u00e4, ajatuksia ja apua markkinointiinne<\/title>\n<meta name=\"description\" content=\"Aiheita tai teemoja digitaalisesta markkinoinnista. Haluan jakaa tietoa, n\u00e4kemyksi\u00e4, ajatuksia ja tarjota apua markkinointiinne ja ihan k\u00e4yt\u00e4nt\u00f6\u00f6n toteuttavia toimenpiteit\u00e4 ja ehdotuksia.\" \/>\n<meta name=\"robots\" content=\"noindex, follow, max-snippet:-1, max-image-preview:large, max-video-preview:-1\" \/>\n<meta property=\"og:locale\" content=\"fi_FI\" \/>\n<meta property=\"og:type\" content=\"article\" \/>\n<meta property=\"og:title\" content=\"Artikkeleita, miss\u00e4 jaan n\u00e4kemyksi\u00e4, ajatuksia ja apua markkinointiinne\" \/>\n<meta property=\"og:description\" content=\"Aiheita tai teemoja digitaalisesta markkinoinnista. Haluan jakaa tietoa, n\u00e4kemyksi\u00e4, ajatuksia ja tarjota apua markkinointiinne ja ihan k\u00e4yt\u00e4nt\u00f6\u00f6n toteuttavia toimenpiteit\u00e4 ja ehdotuksia.\" \/>\n<meta property=\"og:url\" content=\"https:\/\/elgideas.zoner.dev\/blogi\/\" \/>\n<meta property=\"og:site_name\" content=\"Tarvitsetko verkkosivut, hakukoneoptimoinnin ja Google Analyticsin?\" \/>\n<meta property=\"article:publisher\" content=\"https:\/\/www.facebook.com\/elgideas\/\" \/>\n<meta property=\"article:modified_time\" content=\"2025-09-14T13:20:48+00:00\" \/>\n<meta property=\"og:image\" content=\"https:\/\/elgideas.zoner.dev\/wp-content\/uploads\/goole-hakutulokset.jpg\" \/>\n<script type=\"application\/ld+json\" class=\"yoast-schema-graph\">{\"@context\":\"https:\\\/\\\/schema.org\",\"@graph\":[{\"@type\":\"WebPage\",\"@id\":\"https:\\\/\\\/elgideas.zoner.dev\\\/blogi\\\/\",\"url\":\"https:\\\/\\\/elgideas.zoner.dev\\\/blogi\\\/\",\"name\":\"Artikkeleita, miss\u00e4 jaan n\u00e4kemyksi\u00e4, ajatuksia ja apua markkinointiinne\",\"isPartOf\":{\"@id\":\"https:\\\/\\\/elgideas.zoner.dev\\\/#website\"},\"primaryImageOfPage\":{\"@id\":\"https:\\\/\\\/elgideas.zoner.dev\\\/blogi\\\/#primaryimage\"},\"image\":{\"@id\":\"https:\\\/\\\/elgideas.zoner.dev\\\/blogi\\\/#primaryimage\"},\"thumbnailUrl\":\"https:\\\/\\\/elgideas.zoner.dev\\\/wp-content\\\/uploads\\\/goole-hakutulokset.jpg\",\"datePublished\":\"2025-02-23T14:28:08+00:00\",\"dateModified\":\"2025-09-14T13:20:48+00:00\",\"description\":\"Aiheita tai teemoja digitaalisesta markkinoinnista. Haluan jakaa tietoa, n\u00e4kemyksi\u00e4, ajatuksia ja tarjota apua markkinointiinne ja ihan k\u00e4yt\u00e4nt\u00f6\u00f6n toteuttavia toimenpiteit\u00e4 ja ehdotuksia.\",\"breadcrumb\":{\"@id\":\"https:\\\/\\\/elgideas.zoner.dev\\\/blogi\\\/#breadcrumb\"},\"inLanguage\":\"fi\",\"potentialAction\":[{\"@type\":\"ReadAction\",\"target\":[\"https:\\\/\\\/elgideas.zoner.dev\\\/blogi\\\/\"]}]},{\"@type\":\"ImageObject\",\"inLanguage\":\"fi\",\"@id\":\"https:\\\/\\\/elgideas.zoner.dev\\\/blogi\\\/#primaryimage\",\"url\":\"https:\\\/\\\/elgideas.zoner.dev\\\/wp-content\\\/uploads\\\/goole-hakutulokset.jpg\",\"contentUrl\":\"https:\\\/\\\/elgideas.zoner.dev\\\/wp-content\\\/uploads\\\/goole-hakutulokset.jpg\"},{\"@type\":\"BreadcrumbList\",\"@id\":\"https:\\\/\\\/elgideas.zoner.dev\\\/blogi\\\/#breadcrumb\",\"itemListElement\":[{\"@type\":\"ListItem\",\"position\":1,\"name\":\"Home\",\"item\":\"https:\\\/\\\/elgideas.zoner.dev\\\/\"},{\"@type\":\"ListItem\",\"position\":2,\"name\":\"Blogi\"}]},{\"@type\":\"WebSite\",\"@id\":\"https:\\\/\\\/elgideas.zoner.dev\\\/#website\",\"url\":\"https:\\\/\\\/elgideas.zoner.dev\\\/\",\"name\":\"Elgideas | Digitaalista markkinointia ja graafista suunnittelua\",\"description\":\"Verkkosivujen hakukoneoptimointi SEO ja graafista suunnittelua\",\"publisher\":{\"@id\":\"https:\\\/\\\/elgideas.zoner.dev\\\/#organization\"},\"alternateName\":\"Elgideas\",\"potentialAction\":[{\"@type\":\"SearchAction\",\"target\":{\"@type\":\"EntryPoint\",\"urlTemplate\":\"https:\\\/\\\/elgideas.zoner.dev\\\/?s={search_term_string}\"},\"query-input\":{\"@type\":\"PropertyValueSpecification\",\"valueRequired\":true,\"valueName\":\"search_term_string\"}}],\"inLanguage\":\"fi\"},{\"@type\":\"Organization\",\"@id\":\"https:\\\/\\\/elgideas.zoner.dev\\\/#organization\",\"name\":\"Tarvitsetko verkkosivut, hakukoneoptimoinnin SEO ja Google Analyticsin?\",\"alternateName\":\"Verkkosivut, hakukoneoptimointi SEO ja Google Analytics\",\"url\":\"https:\\\/\\\/elgideas.zoner.dev\\\/\",\"logo\":{\"@type\":\"ImageObject\",\"inLanguage\":\"fi\",\"@id\":\"https:\\\/\\\/elgideas.zoner.dev\\\/#\\\/schema\\\/logo\\\/image\\\/\",\"url\":\"https:\\\/\\\/elgideas.zoner.dev\\\/wp-content\\\/uploads\\\/cropped-logo_512-1.png\",\"contentUrl\":\"https:\\\/\\\/elgideas.zoner.dev\\\/wp-content\\\/uploads\\\/cropped-logo_512-1.png\",\"width\":512,\"height\":512,\"caption\":\"Tarvitsetko verkkosivut, hakukoneoptimoinnin SEO ja Google Analyticsin?\"},\"image\":{\"@id\":\"https:\\\/\\\/elgideas.zoner.dev\\\/#\\\/schema\\\/logo\\\/image\\\/\"},\"sameAs\":[\"https:\\\/\\\/www.facebook.com\\\/elgideas\\\/\",\"https:\\\/\\\/www.linkedin.com\\\/in\\\/sari-elg-08706355\\\/\"]}]}<\/script>\n<!-- \/ Yoast SEO plugin. -->","yoast_head_json":{"title":"Artikkeleita, miss\u00e4 jaan n\u00e4kemyksi\u00e4, ajatuksia ja apua markkinointiinne","description":"Aiheita tai teemoja digitaalisesta markkinoinnista. Haluan jakaa tietoa, n\u00e4kemyksi\u00e4, ajatuksia ja tarjota apua markkinointiinne ja ihan k\u00e4yt\u00e4nt\u00f6\u00f6n toteuttavia toimenpiteit\u00e4 ja ehdotuksia.","robots":{"index":"noindex","follow":"follow","max-snippet":"max-snippet:-1","max-image-preview":"max-image-preview:large","max-video-preview":"max-video-preview:-1"},"og_locale":"fi_FI","og_type":"article","og_title":"Artikkeleita, miss\u00e4 jaan n\u00e4kemyksi\u00e4, ajatuksia ja apua markkinointiinne","og_description":"Aiheita tai teemoja digitaalisesta markkinoinnista. Haluan jakaa tietoa, n\u00e4kemyksi\u00e4, ajatuksia ja tarjota apua markkinointiinne ja ihan k\u00e4yt\u00e4nt\u00f6\u00f6n toteuttavia toimenpiteit\u00e4 ja ehdotuksia.","og_url":"https:\/\/elgideas.zoner.dev\/blogi\/","og_site_name":"Tarvitsetko verkkosivut, hakukoneoptimoinnin ja Google Analyticsin?","article_publisher":"https:\/\/www.facebook.com\/elgideas\/","article_modified_time":"2025-09-14T13:20:48+00:00","og_image":[{"url":"https:\/\/elgideas.zoner.dev\/wp-content\/uploads\/goole-hakutulokset.jpg","type":"","width":"","height":""}],"schema":{"@context":"https:\/\/schema.org","@graph":[{"@type":"WebPage","@id":"https:\/\/elgideas.zoner.dev\/blogi\/","url":"https:\/\/elgideas.zoner.dev\/blogi\/","name":"Artikkeleita, miss\u00e4 jaan n\u00e4kemyksi\u00e4, ajatuksia ja apua markkinointiinne","isPartOf":{"@id":"https:\/\/elgideas.zoner.dev\/#website"},"primaryImageOfPage":{"@id":"https:\/\/elgideas.zoner.dev\/blogi\/#primaryimage"},"image":{"@id":"https:\/\/elgideas.zoner.dev\/blogi\/#primaryimage"},"thumbnailUrl":"https:\/\/elgideas.zoner.dev\/wp-content\/uploads\/goole-hakutulokset.jpg","datePublished":"2025-02-23T14:28:08+00:00","dateModified":"2025-09-14T13:20:48+00:00","description":"Aiheita tai teemoja digitaalisesta markkinoinnista. Haluan jakaa tietoa, n\u00e4kemyksi\u00e4, ajatuksia ja tarjota apua markkinointiinne ja ihan k\u00e4yt\u00e4nt\u00f6\u00f6n toteuttavia toimenpiteit\u00e4 ja ehdotuksia.","breadcrumb":{"@id":"https:\/\/elgideas.zoner.dev\/blogi\/#breadcrumb"},"inLanguage":"fi","potentialAction":[{"@type":"ReadAction","target":["https:\/\/elgideas.zoner.dev\/blogi\/"]}]},{"@type":"ImageObject","inLanguage":"fi","@id":"https:\/\/elgideas.zoner.dev\/blogi\/#primaryimage","url":"https:\/\/elgideas.zoner.dev\/wp-content\/uploads\/goole-hakutulokset.jpg","contentUrl":"https:\/\/elgideas.zoner.dev\/wp-content\/uploads\/goole-hakutulokset.jpg"},{"@type":"BreadcrumbList","@id":"https:\/\/elgideas.zoner.dev\/blogi\/#breadcrumb","itemListElement":[{"@type":"ListItem","position":1,"name":"Home","item":"https:\/\/elgideas.zoner.dev\/"},{"@type":"ListItem","position":2,"name":"Blogi"}]},{"@type":"WebSite","@id":"https:\/\/elgideas.zoner.dev\/#website","url":"https:\/\/elgideas.zoner.dev\/","name":"Elgideas | Digitaalista markkinointia ja graafista suunnittelua","description":"Verkkosivujen hakukoneoptimointi SEO ja graafista suunnittelua","publisher":{"@id":"https:\/\/elgideas.zoner.dev\/#organization"},"alternateName":"Elgideas","potentialAction":[{"@type":"SearchAction","target":{"@type":"EntryPoint","urlTemplate":"https:\/\/elgideas.zoner.dev\/?s={search_term_string}"},"query-input":{"@type":"PropertyValueSpecification","valueRequired":true,"valueName":"search_term_string"}}],"inLanguage":"fi"},{"@type":"Organization","@id":"https:\/\/elgideas.zoner.dev\/#organization","name":"Tarvitsetko verkkosivut, hakukoneoptimoinnin SEO ja Google Analyticsin?","alternateName":"Verkkosivut, hakukoneoptimointi SEO ja Google Analytics","url":"https:\/\/elgideas.zoner.dev\/","logo":{"@type":"ImageObject","inLanguage":"fi","@id":"https:\/\/elgideas.zoner.dev\/#\/schema\/logo\/image\/","url":"https:\/\/elgideas.zoner.dev\/wp-content\/uploads\/cropped-logo_512-1.png","contentUrl":"https:\/\/elgideas.zoner.dev\/wp-content\/uploads\/cropped-logo_512-1.png","width":512,"height":512,"caption":"Tarvitsetko verkkosivut, hakukoneoptimoinnin SEO ja Google Analyticsin?"},"image":{"@id":"https:\/\/elgideas.zoner.dev\/#\/schema\/logo\/image\/"},"sameAs":["https:\/\/www.facebook.com\/elgideas\/","https:\/\/www.linkedin.com\/in\/sari-elg-08706355\/"]}]}},"_links":{"self":[{"href":"https:\/\/elgideas.zoner.dev\/fi\/wp-json\/wp\/v2\/pages\/8434","targetHints":{"allow":["GET"]}}],"collection":[{"href":"https:\/\/elgideas.zoner.dev\/fi\/wp-json\/wp\/v2\/pages"}],"about":[{"href":"https:\/\/elgideas.zoner.dev\/fi\/wp-json\/wp\/v2\/types\/page"}],"author":[{"embeddable":true,"href":"https:\/\/elgideas.zoner.dev\/fi\/wp-json\/wp\/v2\/users\/4"}],"replies":[{"embeddable":true,"href":"https:\/\/elgideas.zoner.dev\/fi\/wp-json\/wp\/v2\/comments?post=8434"}],"version-history":[{"count":44,"href":"https:\/\/elgideas.zoner.dev\/fi\/wp-json\/wp\/v2\/pages\/8434\/revisions"}],"predecessor-version":[{"id":9962,"href":"https:\/\/elgideas.zoner.dev\/fi\/wp-json\/wp\/v2\/pages\/8434\/revisions\/9962"}],"wp:attachment":[{"href":"https:\/\/elgideas.zoner.dev\/fi\/wp-json\/wp\/v2\/media?parent=8434"}],"curies":[{"name":"wp","href":"https:\/\/api.w.org\/{rel}","templated":true}]}}